{"id":2001,"date":"2024-12-22T09:36:38","date_gmt":"2024-12-22T07:36:38","guid":{"rendered":"https:\/\/ensavid.com\/concepts-parachute-cyclorotor\/"},"modified":"2025-06-27T13:58:46","modified_gmt":"2025-06-27T11:58:46","slug":"cyklorotor-wioslowy","status":"publish","type":"page","link":"https:\/\/ensavid.com\/pl\/cyklorotor-wioslowy\/","title":{"rendered":"Cyklorotor wios\u0142owy"},"content":{"rendered":"\t\t<div data-elementor-type=\"wp-page\" data-elementor-id=\"2001\" class=\"elementor elementor-2001\">\n\t\t\t\t\t\t<section class=\"elementor-section elementor-top-section elementor-element elementor-element-9bc29c4 elementor-section-boxed elementor-section-height-default elementor-section-height-default\" data-id=\"9bc29c4\" data-element_type=\"section\" data-settings=\"{&quot;background_background&quot;:&quot;classic&quot;}\">\n\t\t\t\t\t\t<div class=\"elementor-container elementor-column-gap-no\">\n\t\t\t\t\t<div class=\"elementor-column elementor-col-100 elementor-top-column elementor-element elementor-element-ca35567\" data-id=\"ca35567\" data-element_type=\"column\">\n\t\t\t<div class=\"elementor-widget-wrap elementor-element-populated\">\n\t\t\t\t\t\t<div class=\"elementor-element elementor-element-2210691 elementor-widget elementor-widget-heading\" data-id=\"2210691\" data-element_type=\"widget\" data-widget_type=\"heading.default\">\n\t\t\t\t<div class=\"elementor-widget-container\">\n\t\t\t\t\t<h1 class=\"elementor-heading-title elementor-size-default\">CYKLOROTOR WIOS\u0141OWY<\/h1>\t\t\t\t<\/div>\n\t\t\t\t<\/div>\n\t\t\t\t\t<\/div>\n\t\t<\/div>\n\t\t\t\t\t<\/div>\n\t\t<\/section>\n\t\t\t\t<section class=\"elementor-section elementor-top-section elementor-element elementor-element-74a38c0 elementor-section-boxed elementor-section-height-default elementor-section-height-default\" data-id=\"74a38c0\" data-element_type=\"section\">\n\t\t\t\t\t\t<div class=\"elementor-container elementor-column-gap-default\">\n\t\t\t\t\t<div class=\"elementor-column elementor-col-100 elementor-top-column elementor-element elementor-element-f873f04\" data-id=\"f873f04\" data-element_type=\"column\">\n\t\t\t<div class=\"elementor-widget-wrap elementor-element-populated\">\n\t\t\t\t\t\t<div class=\"elementor-element elementor-element-cbb8384 elementor-widget__width-initial elementor-widget elementor-widget-video\" data-id=\"cbb8384\" data-element_type=\"widget\" data-settings=\"{&quot;youtube_url&quot;:&quot;https:\\\/\\\/youtu.be\\\/dT3oYeeRHDY&quot;,&quot;video_type&quot;:&quot;youtube&quot;,&quot;controls&quot;:&quot;yes&quot;}\" data-widget_type=\"video.default\">\n\t\t\t\t<div class=\"elementor-widget-container\">\n\t\t\t\t\t\t\t<div class=\"elementor-wrapper elementor-open-inline\">\n\t\t\t<div class=\"elementor-video\"><\/div>\t\t<\/div>\n\t\t\t\t\t\t<\/div>\n\t\t\t\t<\/div>\n\t\t\t\t<div class=\"elementor-element elementor-element-87c5efc elementor-widget elementor-widget-text-editor\" data-id=\"87c5efc\" data-element_type=\"widget\" data-widget_type=\"text-editor.default\">\n\t\t\t\t<div class=\"elementor-widget-container\">\n\t\t\t\t\t\t\t\t\t<p>Cyklorotor<strong> wios\u0142owy<\/strong> to nowatorska technologia <strong>generowania si\u0142y no\u015bnej i\/lub nap\u0119du<\/strong>, zaprojektowana z my\u015bl\u0105 o <strong>maksymalnej wydajno\u015bci aerodynamicznej poprzez redukcj\u0119 tarcia lepkiego.<\/strong> W przeciwie\u0144stwie do tradycyjnych wirnik\u00f3w, kt\u00f3re musz\u0105 pracowa\u0107 z du\u017c\u0105 pr\u0119dko\u015bci\u0105 obrotow\u0105, aby wytworzy\u0107 odpowiedni ci\u0105g, <strong>cyklorotor wios\u0142owy osi\u0105ga t\u0119 sam\u0105 skuteczno\u015b\u0107 przy ni\u017cszych pr\u0119dko\u015bciach<\/strong>. Dzi\u0119ki temu ogranicza straty energii zwi\u0105zane z oporem lepko\u015bciowym, jednocze\u015bnie poprawiaj\u0105c efektywno\u015b\u0107 ca\u0142ego uk\u0142adu.<\/p><hr \/><p><strong>Korzy\u015bci wynikaj\u0105ce z zastosowania Cyklorotora wios\u0142owego<\/strong><\/p><p>\u2705 <strong>Redukcja tarcia lepkiego<\/strong> \u2013 niska pr\u0119dko\u015b\u0107 pracy zmniejsza opory aerodynamiczne przy zachowaniu wysokiego ci\u0105gu<br \/>\u2705 <strong>Wysoka wydajno\u015b\u0107<\/strong> \u2013 optymalna orientacja p\u0142at\u00f3w w cyklu pracy pozwala maksymalnie wykorzystywa\u0107 przep\u0142yw medium<br \/>\u2705 <strong>Zdolno\u015b\u0107 pracy w r\u00f3\u017cnych o\u015brodkach<\/strong> \u2013 mo\u017cliwe zastosowanie zar\u00f3wno w powietrzu, jak i w wodzie<br \/>\u2705 <strong>Prosta mechanika ruchu<\/strong> \u2013 cykliczna zmiana ustawienia p\u0142at\u00f3w nie wymaga skomplikowanych uk\u0142ad\u00f3w sterowania<br \/>\u2705 <strong>Skalowalno\u015b\u0107<\/strong> \u2013 mo\u017cliwo\u015b\u0107 dostosowania do ma\u0142ych dron\u00f3w, jednostek p\u0142ywaj\u0105cych i pojazd\u00f3w za\u0142ogowych<\/p><hr \/><p><strong>Prototyp i rozw\u00f3j konstrukcji<\/strong><\/p><p><strong>Cyklorotor wios\u0142owy<\/strong> sk\u0142ada si\u0119 z:<\/p><ul><li>zestawu <strong>p\u0142at\u00f3w aerodynamicznych<\/strong> (\u0142opatek) zamocowanych na <strong>obracaj\u0105cych si\u0119 wysi\u0119gnikach<\/strong><\/li><li>mechanizmu <strong>cyklicznej zmiany k\u0105ta natarcia<\/strong>, zsynchronizowanego z ruchem obrotowym<\/li><li>dw\u00f3ch kluczowych faz dzia\u0142ania w jednym cyklu obrotu:<ul><li>gdy p\u0142at porusza si\u0119 <strong>zgodnie z wektorem si\u0142y no\u015bnej<\/strong>, jego powierzchnia jest ustawiona <strong>(prawie) prostopadle do wektora<\/strong>, maksymalizuj\u0105c oddzia\u0142ywanie z medium i generuj\u0105c si\u0142\u0119 no\u015bn\u0105<\/li><li>gdy p\u0142at przemieszcza si\u0119 <strong>w przeciwnym kierunku<\/strong>, ustawia si\u0119 <strong>(prawie) prostopadle do wysi\u0119gnika<\/strong>, minimalizuj\u0105c op\u00f3r aerodynamiczny<\/li><\/ul><\/li><\/ul><p>Taka kinematyka pracy przypomina ruch wios\u0142a \u2013 st\u0105d nazwa systemu. Obecnie trwaj\u0105 prace nad prototypem demonstracyjnym oraz walidacj\u0105 aerodynamiczn\u0105 i energetyczn\u0105 rozwi\u0105zania w warunkach modelowych.<\/p><hr \/><p><strong>Zastosowania Cyklorotora wios\u0142owego<\/strong><\/p><p>\u2705 <strong>Drony i bezza\u0142ogowe statki powietrzne (UAV)<\/strong> \u2013 efektywny i cichy nap\u0119d przy d\u0142u\u017cszym czasie lotu<br \/>\u2705 <strong>eVTOL i pionowzloty<\/strong> \u2013 alternatywa dla \u015bmigie\u0142 o wysokim zu\u017cyciu energii<br \/>\u2705 <strong>Nap\u0119dy morskie<\/strong> \u2013 ekologiczne i ciche rozwi\u0105zania dla jednostek nawodnych i podwodnych<br \/>\u2705 <strong>Pojazdy amfibijne<\/strong> \u2013 mo\u017cliwo\u015b\u0107 generowania si\u0142y no\u015bnej i nap\u0119dowej w powietrzu oraz wodzie<br \/>\u2705 <strong>Robotyka biomimetyczna<\/strong> \u2013 inspiracja ruchem owad\u00f3w, ryb i ptak\u00f3w w systemach hybrydowych<\/p><hr \/><p><strong>Status formalny i patenty<\/strong><\/p><p>\ud83d\udcdc Cyklorotor wios\u0142owy zosta\u0142 zg\u0142oszony do\u00a0<strong>ochrony patentowej<\/strong>.<\/p><p>\ud83d\udcdc Wst\u0119pna<strong> pozytywna ocena Urz\u0119du Patentowego RP<\/strong> &#8211; VI 2025<\/p><p>\ud83d\udcdc\u00a0<strong>Patenty krajowe oraz mi<\/strong><strong>\u0119<\/strong><strong>dzynarodowe<\/strong>\u00a0\u2013 2026<\/p>\t\t\t\t\t\t\t\t<\/div>\n\t\t\t\t<\/div>\n\t\t\t\t\t<\/div>\n\t\t<\/div>\n\t\t\t\t\t<\/div>\n\t\t<\/section>\n\t\t\t\t<\/div>\n\t\t","protected":false},"excerpt":{"rendered":"<p>CYKLOROTOR WIOS\u0141OWY https:\/\/youtu.be\/dT3oYeeRHDY Cyklorotor wios\u0142owy to nowatorska technologia generowania si\u0142y no\u015bnej i\/lub nap\u0119du, zaprojektowana z my\u015bl\u0105 o maksymalnej wydajno\u015bci aerodynamicznej poprzez redukcj\u0119 tarcia lepkiego. W przeciwie\u0144stwie do tradycyjnych wirnik\u00f3w, kt\u00f3re musz\u0105 pracowa\u0107 z du\u017c\u0105 pr\u0119dko\u015bci\u0105 obrotow\u0105, aby wytworzy\u0107 odpowiedni ci\u0105g, cyklorotor wios\u0142owy osi\u0105ga t\u0119 sam\u0105 skuteczno\u015b\u0107 przy ni\u017cszych pr\u0119dko\u015bciach. Dzi\u0119ki temu ogranicza straty energii zwi\u0105zane [&hellip;]<\/p>\n","protected":false},"author":2,"featured_media":0,"parent":0,"menu_order":0,"comment_status":"closed","ping_status":"closed","template":"","meta":{"site-sidebar-layout":"no-sidebar","site-content-layout":"page-builder","ast-site-content-layout":"full-width-container","site-content-style":"unboxed","site-sidebar-style":"unboxed","ast-global-header-display":"","ast-banner-title-visibility":"","ast-main-header-display":"","ast-hfb-above-header-display":"","ast-hfb-below-header-display":"","ast-hfb-mobile-header-display":"","site-post-title":"disabled","ast-breadcrumbs-content":"disabled","ast-featured-img":"disabled","footer-sml-layout":"","theme-transparent-header-meta":"enabled","adv-header-id-meta":"","stick-header-meta":"","header-above-stick-meta":"","header-main-stick-meta":"","header-below-stick-meta":"","astra-migrate-meta-layouts":"set","ast-page-background-enabled":"default","ast-page-background-meta":{"desktop":{"background-color":"","background-image":"","background-repeat":"repeat","background-position":"center center","background-size":"auto","background-attachment":"scroll","background-type":"","background-media":"","overlay-type":"","overlay-color":"","overlay-opacity":"","overlay-gradient":""},"tablet":{"background-color":"","background-image":"","background-repeat":"repeat","background-position":"center center","background-size":"auto","background-attachment":"scroll","background-type":"","background-media":"","overlay-type":"","overlay-color":"","overlay-opacity":"","overlay-gradient":""},"mobile":{"background-color":"","background-image":"","background-repeat":"repeat","background-position":"center center","background-size":"auto","background-attachment":"scroll","background-type":"","background-media":"","overlay-type":"","overlay-color":"","overlay-opacity":"","overlay-gradient":""}},"ast-content-background-meta":{"desktop":{"background-color":"var(--ast-global-color-5)","background-image":"","background-repeat":"repeat","background-position":"center center","background-size":"auto","background-attachment":"scroll","background-type":"","background-media":"","overlay-type":"","overlay-color":"","overlay-opacity":"","overlay-gradient":""},"tablet":{"background-color":"var(--ast-global-color-5)","background-image":"","background-repeat":"repeat","background-position":"center center","background-size":"auto","background-attachment":"scroll","background-type":"","background-media":"","overlay-type":"","overlay-color":"","overlay-opacity":"","overlay-gradient":""},"mobile":{"background-color":"var(--ast-global-color-5)","background-image":"","background-repeat":"repeat","background-position":"center center","background-size":"auto","background-attachment":"scroll","background-type":"","background-media":"","overlay-type":"","overlay-color":"","overlay-opacity":"","overlay-gradient":""}},"footnotes":""},"class_list":["post-2001","page","type-page","status-publish","hentry"],"_links":{"self":[{"href":"https:\/\/ensavid.com\/pl\/wp-json\/wp\/v2\/pages\/2001","targetHints":{"allow":["GET"]}}],"collection":[{"href":"https:\/\/ensavid.com\/pl\/wp-json\/wp\/v2\/pages"}],"about":[{"href":"https:\/\/ensavid.com\/pl\/wp-json\/wp\/v2\/types\/page"}],"author":[{"embeddable":true,"href":"https:\/\/ensavid.com\/pl\/wp-json\/wp\/v2\/users\/2"}],"replies":[{"embeddable":true,"href":"https:\/\/ensavid.com\/pl\/wp-json\/wp\/v2\/comments?post=2001"}],"version-history":[{"count":51,"href":"https:\/\/ensavid.com\/pl\/wp-json\/wp\/v2\/pages\/2001\/revisions"}],"predecessor-version":[{"id":4139,"href":"https:\/\/ensavid.com\/pl\/wp-json\/wp\/v2\/pages\/2001\/revisions\/4139"}],"wp:attachment":[{"href":"https:\/\/ensavid.com\/pl\/wp-json\/wp\/v2\/media?parent=2001"}],"curies":[{"name":"wp","href":"https:\/\/api.w.org\/{rel}","templated":true}]}}