{"id":2003,"date":"2023-09-12T15:38:12","date_gmt":"2023-09-12T13:38:12","guid":{"rendered":"https:\/\/ensavid.com\/concepts-funnel-rotor\/"},"modified":"2025-03-28T19:13:26","modified_gmt":"2025-03-28T17:13:26","slug":"wirnik-lejkowy","status":"publish","type":"page","link":"https:\/\/ensavid.com\/pl\/wirnik-lejkowy\/","title":{"rendered":"Wirnik lejkowy"},"content":{"rendered":"\t\t<div data-elementor-type=\"wp-page\" data-elementor-id=\"2003\" class=\"elementor elementor-2003\">\n\t\t\t\t\t\t<section class=\"elementor-section elementor-top-section elementor-element elementor-element-9bc29c4 elementor-section-boxed elementor-section-height-default elementor-section-height-default\" data-id=\"9bc29c4\" data-element_type=\"section\" data-settings=\"{&quot;background_background&quot;:&quot;classic&quot;}\">\n\t\t\t\t\t\t<div class=\"elementor-container elementor-column-gap-no\">\n\t\t\t\t\t<div class=\"elementor-column elementor-col-100 elementor-top-column elementor-element elementor-element-ca35567\" data-id=\"ca35567\" data-element_type=\"column\">\n\t\t\t<div class=\"elementor-widget-wrap elementor-element-populated\">\n\t\t\t\t\t\t<div class=\"elementor-element elementor-element-2210691 elementor-widget elementor-widget-heading\" data-id=\"2210691\" data-element_type=\"widget\" data-widget_type=\"heading.default\">\n\t\t\t\t<div class=\"elementor-widget-container\">\n\t\t\t\t\t<h1 class=\"elementor-heading-title elementor-size-default\">Wirnik lejkowy<\/h1>\t\t\t\t<\/div>\n\t\t\t\t<\/div>\n\t\t\t\t\t<\/div>\n\t\t<\/div>\n\t\t\t\t\t<\/div>\n\t\t<\/section>\n\t\t\t\t<section class=\"elementor-section elementor-top-section elementor-element elementor-element-74a38c0 elementor-section-boxed elementor-section-height-default elementor-section-height-default\" data-id=\"74a38c0\" data-element_type=\"section\">\n\t\t\t\t\t\t<div class=\"elementor-container elementor-column-gap-default\">\n\t\t\t\t\t<div class=\"elementor-column elementor-col-100 elementor-top-column elementor-element elementor-element-f873f04\" data-id=\"f873f04\" data-element_type=\"column\">\n\t\t\t<div class=\"elementor-widget-wrap elementor-element-populated\">\n\t\t\t\t\t\t<div class=\"elementor-element elementor-element-87c5efc elementor-widget elementor-widget-text-editor\" data-id=\"87c5efc\" data-element_type=\"widget\" data-widget_type=\"text-editor.default\">\n\t\t\t\t<div class=\"elementor-widget-container\">\n\t\t\t\t\t\t\t\t\t<figure class=\"wp-block-image size-full\">\n<p><img fetchpriority=\"high\" decoding=\"async\" class=\"alignnone wp-image-3496 size-full\" src=\"https:\/\/ensavid.com\/wp-content\/uploads\/2025\/03\/wizualizacja-wirnik-1.jpg\" alt=\"Funnel rotor\" width=\"1036\" height=\"715\" srcset=\"https:\/\/ensavid.com\/wp-content\/uploads\/2025\/03\/wizualizacja-wirnik-1.jpg 1036w, https:\/\/ensavid.com\/wp-content\/uploads\/2025\/03\/wizualizacja-wirnik-1-300x207.jpg 300w, https:\/\/ensavid.com\/wp-content\/uploads\/2025\/03\/wizualizacja-wirnik-1-1024x707.jpg 1024w, https:\/\/ensavid.com\/wp-content\/uploads\/2025\/03\/wizualizacja-wirnik-1-768x530.jpg 768w\" sizes=\"(max-width: 1036px) 100vw, 1036px\" \/><\/p>\n<p>&nbsp;<\/p>\n<figcaption class=\"aligncenter wp-element-caption\">Figure 1. Wirnik lejkowy<\/figcaption>\n<\/figure>\n<p><!-- \/wp:image --><\/p>\n<p><!-- wp:paragraph --><\/p>\n<p>Wirnik lejowy to wirnik przeznaczony do \u015bmig\u0142owc\u00f3w (np. quadrocopter\u00f3w), specjalnie zaprojektowany w celu wyd\u0142u\u017cenia czasu zawisu na jednym \u0142adowaniu akumulatora.<\/p>\n<p><!-- \/wp:paragraph --><\/p>\n<p><!-- wp:paragraph --><\/p>\n<p><a href=\"#Abstract\" data-type=\"URL\">Streszczenie<\/a><br><a href=\"#Idea\" data-type=\"URL\">Idea<\/a><br><a href=\"#FormalStatus\" data-type=\"URL\">Status formalny<\/a><\/p>\n<p><!-- \/wp:paragraph --><\/p>\n<p><!-- wp:paragraph --><\/p>\n<p id=\"Abstract\"><strong>Streszczenie<\/strong><\/p>\n<p><!-- \/wp:paragraph --><\/p>\n<p><!-- wp:paragraph --><\/p>\n<p>Typowe wirniki wirop\u0142at\u00f3w, takich jak quadrocoptery, maj\u0105 kszta\u0142t pary \u015bmigie\u0142. Gdy wirop\u0142at zawisa, ich wirniki pompuj\u0105 powietrze w d\u00f3\u0142. To zmniejsza ich wydajno\u015b\u0107, poniewa\u017c wirniki pr\u00f3buj\u0105 pcha\u0107 w g\u00f3r\u0119 powietrze p\u0142yn\u0105ce w d\u00f3\u0142. Nasz proponowany wirnik unika przyspieszania powietrza wok\u00f3\u0142, dzi\u0119ki czemu pozostaje wydajny, gdy wirop\u0142at zawisa.&nbsp;<\/p>\n<p><!-- \/wp:paragraph --><\/p>\n<p><!-- wp:paragraph --><\/p>\n<p id=\"Idea\"><strong>Idea<\/strong><\/p>\n<p><!-- \/wp:paragraph --><\/p>\n<p>Wirnik sk\u0142ada si\u0119 z lejk\u00f3w ze wsp\u00f3ln\u0105 osi\u0105 i \u0142opatek, kt\u00f3re \u0142\u0105cz\u0105 lejki. Lejki zw\u0119\u017caj\u0105 si\u0119 ku g\u00f3rze. Powierzchnie \u0142opatek s\u0105 we wszystkich punktach r\u00f3wnoleg\u0142e do osi.<\/p>\n<p>Gdy wirnik si\u0119 obraca, \u0142opatki odpychaj\u0105 powietrze od osi, tworz\u0105c ujemne ci\u015bnienie na g\u00f3rnej stronie lejk\u00f3w i dodatnie ci\u015bnienie na dolnej stronie lejk\u00f3w. R\u00f3\u017cnica ci\u015bnie\u0144 generuje si\u0142\u0119 unosz\u0105c\u0105.&nbsp;&nbsp;<\/p>\n<p><!-- wp:image {\"id\":299,\"sizeSlug\":\"full\",\"linkDestination\":\"none\"} --><\/p>\n<p id=\"FormalStatus\"><strong>Status formalny<\/strong><\/p>\n<p><!-- \/wp:paragraph --><\/p>\n<p><!-- wp:paragraph --><\/p>\n<p>Wniosek patentowy na wirnik lejkowy jest rozpatrywany. <\/p>\n<p><!-- \/wp:paragraph --><\/p>\t\t\t\t\t\t\t\t<\/div>\n\t\t\t\t<\/div>\n\t\t\t\t\t<\/div>\n\t\t<\/div>\n\t\t\t\t\t<\/div>\n\t\t<\/section>\n\t\t\t\t<\/div>\n\t\t","protected":false},"excerpt":{"rendered":"<p>Wirnik lejkowy &nbsp;Figure 1. Wirnik lejkowy Wirnik lejowy to wirnik przeznaczony do \u015bmig\u0142owc\u00f3w (np. quadrocopter\u00f3w), specjalnie zaprojektowany w celu wyd\u0142u\u017cenia czasu zawisu na jednym \u0142adowaniu akumulatora. StreszczenieIdeaStatus formalny Streszczenie Typowe wirniki wirop\u0142at\u00f3w, takich jak quadrocoptery, maj\u0105 kszta\u0142t pary \u015bmigie\u0142. Gdy wirop\u0142at zawisa, ich wirniki pompuj\u0105 powietrze w d\u00f3\u0142. To zmniejsza ich wydajno\u015b\u0107, poniewa\u017c wirniki pr\u00f3buj\u0105 [&hellip;]<\/p>\n","protected":false},"author":2,"featured_media":0,"parent":0,"menu_order":0,"comment_status":"closed","ping_status":"closed","template":"","meta":{"site-sidebar-layout":"no-sidebar","site-content-layout":"page-builder","ast-site-content-layout":"full-width-container","site-content-style":"unboxed","site-sidebar-style":"unboxed","ast-global-header-display":"","ast-banner-title-visibility":"","ast-main-header-display":"","ast-hfb-above-header-display":"","ast-hfb-below-header-display":"","ast-hfb-mobile-header-display":"","site-post-title":"disabled","ast-breadcrumbs-content":"disabled","ast-featured-img":"disabled","footer-sml-layout":"","theme-transparent-header-meta":"enabled","adv-header-id-meta":"","stick-header-meta":"","header-above-stick-meta":"","header-main-stick-meta":"","header-below-stick-meta":"","astra-migrate-meta-layouts":"set","ast-page-background-enabled":"default","ast-page-background-meta":{"desktop":{"background-color":"","background-image":"","background-repeat":"repeat","background-position":"center center","background-size":"auto","background-attachment":"scroll","background-type":"","background-media":"","overlay-type":"","overlay-color":"","overlay-opacity":"","overlay-gradient":""},"tablet":{"background-color":"","background-image":"","background-repeat":"repeat","background-position":"center center","background-size":"auto","background-attachment":"scroll","background-type":"","background-media":"","overlay-type":"","overlay-color":"","overlay-opacity":"","overlay-gradient":""},"mobile":{"background-color":"","background-image":"","background-repeat":"repeat","background-position":"center center","background-size":"auto","background-attachment":"scroll","background-type":"","background-media":"","overlay-type":"","overlay-color":"","overlay-opacity":"","overlay-gradient":""}},"ast-content-background-meta":{"desktop":{"background-color":"var(--ast-global-color-5)","background-image":"","background-repeat":"repeat","background-position":"center center","background-size":"auto","background-attachment":"scroll","background-type":"","background-media":"","overlay-type":"","overlay-color":"","overlay-opacity":"","overlay-gradient":""},"tablet":{"background-color":"var(--ast-global-color-5)","background-image":"","background-repeat":"repeat","background-position":"center center","background-size":"auto","background-attachment":"scroll","background-type":"","background-media":"","overlay-type":"","overlay-color":"","overlay-opacity":"","overlay-gradient":""},"mobile":{"background-color":"var(--ast-global-color-5)","background-image":"","background-repeat":"repeat","background-position":"center center","background-size":"auto","background-attachment":"scroll","background-type":"","background-media":"","overlay-type":"","overlay-color":"","overlay-opacity":"","overlay-gradient":""}},"footnotes":""},"class_list":["post-2003","page","type-page","status-publish","hentry"],"_links":{"self":[{"href":"https:\/\/ensavid.com\/pl\/wp-json\/wp\/v2\/pages\/2003","targetHints":{"allow":["GET"]}}],"collection":[{"href":"https:\/\/ensavid.com\/pl\/wp-json\/wp\/v2\/pages"}],"about":[{"href":"https:\/\/ensavid.com\/pl\/wp-json\/wp\/v2\/types\/page"}],"author":[{"embeddable":true,"href":"https:\/\/ensavid.com\/pl\/wp-json\/wp\/v2\/users\/2"}],"replies":[{"embeddable":true,"href":"https:\/\/ensavid.com\/pl\/wp-json\/wp\/v2\/comments?post=2003"}],"version-history":[{"count":12,"href":"https:\/\/ensavid.com\/pl\/wp-json\/wp\/v2\/pages\/2003\/revisions"}],"predecessor-version":[{"id":3514,"href":"https:\/\/ensavid.com\/pl\/wp-json\/wp\/v2\/pages\/2003\/revisions\/3514"}],"wp:attachment":[{"href":"https:\/\/ensavid.com\/pl\/wp-json\/wp\/v2\/media?parent=2003"}],"curies":[{"name":"wp","href":"https:\/\/api.w.org\/{rel}","templated":true}]}}