{"id":2004,"date":"2023-06-01T15:09:58","date_gmt":"2023-06-01T13:09:58","guid":{"rendered":"https:\/\/ensavid.com\/concepts-two-form-bike\/"},"modified":"2026-04-10T12:54:28","modified_gmt":"2026-04-10T10:54:28","slug":"rower-two-form","status":"publish","type":"page","link":"https:\/\/ensavid.com\/pl\/rower-two-form\/","title":{"rendered":"Rower two-form"},"content":{"rendered":"\t\t<div data-elementor-type=\"wp-page\" data-elementor-id=\"2004\" class=\"elementor elementor-2004\">\n\t\t\t\t\t\t<section class=\"elementor-section elementor-top-section elementor-element elementor-element-9bc29c4 elementor-section-boxed elementor-section-height-default elementor-section-height-default\" data-id=\"9bc29c4\" data-element_type=\"section\" data-settings=\"{&quot;background_background&quot;:&quot;classic&quot;}\">\n\t\t\t\t\t\t<div class=\"elementor-container elementor-column-gap-no\">\n\t\t\t\t\t<div class=\"elementor-column elementor-col-100 elementor-top-column elementor-element elementor-element-ca35567\" data-id=\"ca35567\" data-element_type=\"column\">\n\t\t\t<div class=\"elementor-widget-wrap elementor-element-populated\">\n\t\t\t\t\t\t<div class=\"elementor-element elementor-element-2210691 elementor-widget elementor-widget-heading\" data-id=\"2210691\" data-element_type=\"widget\" data-widget_type=\"heading.default\">\n\t\t\t\t<div class=\"elementor-widget-container\">\n\t\t\t\t\t<h1 class=\"elementor-heading-title elementor-size-default\">Rower \"2 FORM BIKE\"<\/h1>\t\t\t\t<\/div>\n\t\t\t\t<\/div>\n\t\t\t\t\t<\/div>\n\t\t<\/div>\n\t\t\t\t\t<\/div>\n\t\t<\/section>\n\t\t\t\t<section class=\"elementor-section elementor-top-section elementor-element elementor-element-74a38c0 elementor-section-boxed elementor-section-height-default elementor-section-height-default\" data-id=\"74a38c0\" data-element_type=\"section\">\n\t\t\t\t\t\t<div class=\"elementor-container elementor-column-gap-default\">\n\t\t\t\t\t<div class=\"elementor-column elementor-col-100 elementor-top-column elementor-element elementor-element-f873f04\" data-id=\"f873f04\" data-element_type=\"column\">\n\t\t\t<div class=\"elementor-widget-wrap elementor-element-populated\">\n\t\t\t\t\t\t<div class=\"elementor-element elementor-element-392e1b6 elementor-widget elementor-widget-image\" data-id=\"392e1b6\" data-element_type=\"widget\" data-widget_type=\"image.default\">\n\t\t\t\t<div class=\"elementor-widget-container\">\n\t\t\t\t\t\t\t\t\t\t\t\t\t\t\t<img fetchpriority=\"high\" decoding=\"async\" width=\"1024\" height=\"286\" src=\"https:\/\/ensavid.com\/wp-content\/uploads\/2025\/03\/2form-oba-small-1024x286.jpg\" class=\"attachment-large size-large wp-image-3460\" alt=\"\" srcset=\"https:\/\/ensavid.com\/wp-content\/uploads\/2025\/03\/2form-oba-small-1024x286.jpg 1024w, https:\/\/ensavid.com\/wp-content\/uploads\/2025\/03\/2form-oba-small-300x84.jpg 300w, https:\/\/ensavid.com\/wp-content\/uploads\/2025\/03\/2form-oba-small-768x215.jpg 768w, https:\/\/ensavid.com\/wp-content\/uploads\/2025\/03\/2form-oba-small-1536x429.jpg 1536w, https:\/\/ensavid.com\/wp-content\/uploads\/2025\/03\/2form-oba-small-2048x572.jpg 2048w\" sizes=\"(max-width: 1024px) 100vw, 1024px\" \/>\t\t\t\t\t\t\t\t\t\t\t\t\t\t\t<\/div>\n\t\t\t\t<\/div>\n\t\t\t\t<div class=\"elementor-element elementor-element-87c5efc elementor-widget__width-initial elementor-widget elementor-widget-text-editor\" data-id=\"87c5efc\" data-element_type=\"widget\" data-widget_type=\"text-editor.default\">\n\t\t\t\t<div class=\"elementor-widget-container\">\n\t\t\t\t\t\t\t\t\t<figure>\n<p><strong>\u00a0<\/strong><\/p>\n<p><strong>Rower &#8222;2 FORM BIKE&#8221;<\/strong> to innowacyjne rozwi\u0105zanie, kt\u00f3re \u0142\u0105czy <strong>zalety rower\u00f3w poziomych i pionowych<\/strong>. Dzi\u0119ki unikalnej konstrukcji, u\u017cytkownik mo\u017ce w <strong>zaledwie minut\u0119<\/strong> zmieni\u0107 konfiguracj\u0119 roweru z tradycyjnej na poziom\u0105 i odwrotnie.<\/p>\n<p>Rower poziomy zapewnia <strong>lepsz\u0105 aerodynamik\u0119, wi\u0119ksz\u0105 pr\u0119dko\u015b\u0107 i komfort<\/strong>, natomiast konfiguracja pionowa umo\u017cliwia <strong>lepsz\u0105 widoczno\u015b\u0107 w ruchu miejskim oraz \u0142atwiejsze pokonywanie przeszk\u00f3d terenowych<\/strong>. <strong>Patentowany na ca\u0142ym \u015bwiecie<\/strong>, &#8222;2 FORM BIKE&#8221; eliminuje konieczno\u015b\u0107 wyboru mi\u0119dzy jednym a drugim modelem, oferuj\u0105c <strong>wszechstronno\u015b\u0107 w jednym poje\u017adzie<\/strong>.<\/p>\n<p><strong>2 FORM BIKE mo\u017cesz zam\u00f3wi\u0107 tutaj<\/strong>:\u00a0<a href=\"https:\/\/ensavidbikes.com\/\">ensavidbikes.com<\/a><\/p>\n<hr \/>\n<p><strong>Motywacja<\/strong><\/p>\n<p>Rowery poziome i pionowe maj\u0105 swoje unikalne zalety, ale r\u00f3wnie\u017c ograniczenia:<\/p>\n<p>\u2705 <strong>Rowery poziome<\/strong> s\u0105 <strong>szybsze, bardziej aerodynamiczne i wygodne<\/strong>, lecz mog\u0105 by\u0107 mniej widoczne w ruchu miejskim i trudniejsze w manewrowaniu na nier\u00f3wnym terenie.<br \/>\u2705 <strong>Rowery pionowe<\/strong> zapewniaj\u0105 <strong>wi\u0119ksz\u0105 stabilno\u015b\u0107, lepsz\u0105 widoczno\u015b\u0107 i \u0142atwiejsz\u0105 obs\u0142ug\u0119<\/strong>, ale s\u0105 mniej komfortowe na d\u0142ugich trasach i generuj\u0105 wi\u0119kszy op\u00f3r powietrza.<\/p>\n<p>Rower &#8222;2 FORM BIKE&#8221; <strong>usuwa ten dylemat<\/strong>, oferuj\u0105c <strong>mo\u017cliwo\u015b\u0107 b\u0142yskawicznej zmiany konfiguracji<\/strong> w zale\u017cno\u015bci od warunk\u00f3w jazdy. Dzi\u0119ki temu <strong>rowerzy\u015bci poziomi zyskuj\u0105 mobilno\u015b\u0107 w przestrzeni miejskiej, a mi\u0142o\u015bnicy klasycznych rower\u00f3w mog\u0105 cieszy\u0107 si\u0119 komfortem pozycji le\u017c\u0105cej<\/strong>.<\/p>\n<hr \/>\n<p><strong>Prototyp i Rozw\u00f3j Konstrukcji<\/strong><\/p>\n<p>Obecnie dysponujemy <strong>dzia\u0142aj\u0105cym prototypem<\/strong>, kt\u00f3ry przeszed\u0142 faz\u0119 test\u00f3w. Wersja finalna jest gotowa do wdro\u017cenia w produkcji, a jej konstrukcja zosta\u0142a zoptymalizowana pod k\u0105tem <strong>wytrzyma\u0142o\u015bci, lekko\u015bci i \u0142atwo\u015bci obs\u0142ugi<\/strong>.<\/p>\n<p><strong>Prototyp 1<\/strong><\/p>\n<p><iframe title=\"YouTube video player\" src=\"https:\/\/www.youtube.com\/embed\/c_AxrelFyng\" width=\"560\" height=\"315\" frameborder=\"0\" allowfullscreen=\"allowfullscreen\"><\/iframe><\/p>\n<p><strong>Prototyp 1<\/strong><\/p>\n<p><iframe title=\"YouTube video player\" src=\"https:\/\/www.youtube.com\/embed\/DzPHdZhRYI0\" width=\"560\" height=\"315\" frameborder=\"0\" allowfullscreen=\"allowfullscreen\"><\/iframe><\/p>\n<p><strong>Prototyp 2<\/strong><\/p>\n<p>W przeciwie\u0144stwie do pierwotnego prototypu, w drugim projekcie nie ma przegubu Cardana. Rury, kt\u00f3re obracaj\u0105 si\u0119 w rurach sterowych, s\u0105 po\u0142\u0105czone za pomoc\u0105 kabla, kt\u00f3rego nie trzeba zdejmowa\u0107 podczas transformacji z pozycji poziomej do pozycji pionowej. Nasz projekt mo\u017ce z \u0142atwo\u015bci\u0105 sta\u0107 si\u0119 podstaw\u0105 do masowej produkcji.<\/p>\n<p><img decoding=\"async\" src=\"https:\/\/ensavid.com\/wp-content\/uploads\/2023\/06\/2formbike-new-design-2048x650-1.png\" alt=\"\" width=\"2048\" height=\"650\" \/><\/p>\n<p>\u00a0<\/p>\n<hr \/>\n<p><strong>Status Formalny i Patenty<\/strong><\/p>\n<p>Projekt &#8222;2 form bike&#8221; jest obj\u0119ty ochron\u0105 patentow\u0105:<\/p>\n<p>\ud83d\udcdc <strong>Mi\u0119dzynarodowy patent PCT\/IB2019\/051265<\/strong><br \/>\ud83d\udcdc <strong>Patenty krajowe w USA, Chinach, Indiach, Brazylii i Polsce<\/strong><\/p>\n<p><strong>\u00a0<\/strong>Dzi\u0119ki tym zabezpieczeniom technologia mo\u017ce by\u0107 rozwijana i wdra\u017cana na globalnym rynku.<\/p>\n<\/figure>\n<p><!-- \/wp:paragraph --><!-- wp:image {\"id\":46,\"sizeSlug\":\"full\",\"linkDestination\":\"none\"} --><\/p>\n<p>\u00a0<\/p>\n<figure>\n<figcaption><\/figcaption>\n<\/figure>\n<p><!-- \/wp:paragraph --><\/p>\t\t\t\t\t\t\t\t<\/div>\n\t\t\t\t<\/div>\n\t\t\t\t\t<\/div>\n\t\t<\/div>\n\t\t\t\t\t<\/div>\n\t\t<\/section>\n\t\t\t\t<section class=\"elementor-section elementor-top-section elementor-element elementor-element-d0c3f7f elementor-section-boxed elementor-section-height-default elementor-section-height-default\" data-id=\"d0c3f7f\" data-element_type=\"section\">\n\t\t\t\t\t\t<div class=\"elementor-container elementor-column-gap-default\">\n\t\t\t\t\t<div class=\"elementor-column elementor-col-100 elementor-top-column elementor-element elementor-element-49c0c2e\" data-id=\"49c0c2e\" data-element_type=\"column\">\n\t\t\t<div class=\"elementor-widget-wrap\">\n\t\t\t\t\t\t\t<\/div>\n\t\t<\/div>\n\t\t\t\t\t<\/div>\n\t\t<\/section>\n\t\t\t\t<\/div>\n\t\t","protected":false},"excerpt":{"rendered":"<p>Rower &#8222;2 FORM BIKE&#8221; \u00a0 Rower &#8222;2 FORM BIKE&#8221; to innowacyjne rozwi\u0105zanie, kt\u00f3re \u0142\u0105czy zalety rower\u00f3w poziomych i pionowych. Dzi\u0119ki unikalnej konstrukcji, u\u017cytkownik mo\u017ce w zaledwie minut\u0119 zmieni\u0107 konfiguracj\u0119 roweru z tradycyjnej na poziom\u0105 i odwrotnie. Rower poziomy zapewnia lepsz\u0105 aerodynamik\u0119, wi\u0119ksz\u0105 pr\u0119dko\u015b\u0107 i komfort, natomiast konfiguracja pionowa umo\u017cliwia lepsz\u0105 widoczno\u015b\u0107 w ruchu miejskim oraz [&hellip;]<\/p>\n","protected":false},"author":1,"featured_media":0,"parent":0,"menu_order":0,"comment_status":"closed","ping_status":"closed","template":"","meta":{"site-sidebar-layout":"no-sidebar","site-content-layout":"page-builder","ast-site-content-layout":"full-width-container","site-content-style":"unboxed","site-sidebar-style":"unboxed","ast-global-header-display":"","ast-banner-title-visibility":"","ast-main-header-display":"","ast-hfb-above-header-display":"","ast-hfb-below-header-display":"","ast-hfb-mobile-header-display":"","site-post-title":"disabled","ast-breadcrumbs-content":"disabled","ast-featured-img":"disabled","footer-sml-layout":"","theme-transparent-header-meta":"enabled","adv-header-id-meta":"","stick-header-meta":"","header-above-stick-meta":"","header-main-stick-meta":"","header-below-stick-meta":"","astra-migrate-meta-layouts":"set","ast-page-background-enabled":"default","ast-page-background-meta":{"desktop":{"background-color":"","background-image":"","background-repeat":"repeat","background-position":"center center","background-size":"auto","background-attachment":"scroll","background-type":"","background-media":"","overlay-type":"","overlay-color":"","overlay-opacity":"","overlay-gradient":""},"tablet":{"background-color":"","background-image":"","background-repeat":"repeat","background-position":"center center","background-size":"auto","background-attachment":"scroll","background-type":"","background-media":"","overlay-type":"","overlay-color":"","overlay-opacity":"","overlay-gradient":""},"mobile":{"background-color":"","background-image":"","background-repeat":"repeat","background-position":"center center","background-size":"auto","background-attachment":"scroll","background-type":"","background-media":"","overlay-type":"","overlay-color":"","overlay-opacity":"","overlay-gradient":""}},"ast-content-background-meta":{"desktop":{"background-color":"var(--ast-global-color-5)","background-image":"","background-repeat":"repeat","background-position":"center center","background-size":"auto","background-attachment":"scroll","background-type":"","background-media":"","overlay-type":"","overlay-color":"","overlay-opacity":"","overlay-gradient":""},"tablet":{"background-color":"var(--ast-global-color-5)","background-image":"","background-repeat":"repeat","background-position":"center center","background-size":"auto","background-attachment":"scroll","background-type":"","background-media":"","overlay-type":"","overlay-color":"","overlay-opacity":"","overlay-gradient":""},"mobile":{"background-color":"var(--ast-global-color-5)","background-image":"","background-repeat":"repeat","background-position":"center center","background-size":"auto","background-attachment":"scroll","background-type":"","background-media":"","overlay-type":"","overlay-color":"","overlay-opacity":"","overlay-gradient":""}},"footnotes":""},"class_list":["post-2004","page","type-page","status-publish","hentry"],"_links":{"self":[{"href":"https:\/\/ensavid.com\/pl\/wp-json\/wp\/v2\/pages\/2004","targetHints":{"allow":["GET"]}}],"collection":[{"href":"https:\/\/ensavid.com\/pl\/wp-json\/wp\/v2\/pages"}],"about":[{"href":"https:\/\/ensavid.com\/pl\/wp-json\/wp\/v2\/types\/page"}],"author":[{"embeddable":true,"href":"https:\/\/ensavid.com\/pl\/wp-json\/wp\/v2\/users\/1"}],"replies":[{"embeddable":true,"href":"https:\/\/ensavid.com\/pl\/wp-json\/wp\/v2\/comments?post=2004"}],"version-history":[{"count":69,"href":"https:\/\/ensavid.com\/pl\/wp-json\/wp\/v2\/pages\/2004\/revisions"}],"predecessor-version":[{"id":4547,"href":"https:\/\/ensavid.com\/pl\/wp-json\/wp\/v2\/pages\/2004\/revisions\/4547"}],"wp:attachment":[{"href":"https:\/\/ensavid.com\/pl\/wp-json\/wp\/v2\/media?parent=2004"}],"curies":[{"name":"wp","href":"https:\/\/api.w.org\/{rel}","templated":true}]}}