{"id":2007,"date":"2023-06-01T15:06:14","date_gmt":"2023-06-01T13:06:14","guid":{"rendered":"https:\/\/ensavid.com\/concepts-no-tilt-sail\/"},"modified":"2025-04-02T10:02:04","modified_gmt":"2025-04-02T08:02:04","slug":"zagiel-bez-przechylu","status":"publish","type":"page","link":"https:\/\/ensavid.com\/pl\/zagiel-bez-przechylu\/","title":{"rendered":"\u017bagiel bez przechy\u0142u"},"content":{"rendered":"\t\t<div data-elementor-type=\"wp-page\" data-elementor-id=\"2007\" class=\"elementor elementor-2007\">\n\t\t\t\t\t\t<section class=\"elementor-section elementor-top-section elementor-element elementor-element-9bc29c4 elementor-section-boxed elementor-section-height-default elementor-section-height-default\" data-id=\"9bc29c4\" data-element_type=\"section\" data-settings=\"{&quot;background_background&quot;:&quot;classic&quot;}\">\n\t\t\t\t\t\t<div class=\"elementor-container elementor-column-gap-no\">\n\t\t\t\t\t<div class=\"elementor-column elementor-col-100 elementor-top-column elementor-element elementor-element-ca35567\" data-id=\"ca35567\" data-element_type=\"column\">\n\t\t\t<div class=\"elementor-widget-wrap elementor-element-populated\">\n\t\t\t\t\t\t<div class=\"elementor-element elementor-element-2210691 elementor-widget__width-initial elementor-widget elementor-widget-heading\" data-id=\"2210691\" data-element_type=\"widget\" data-widget_type=\"heading.default\">\n\t\t\t\t<div class=\"elementor-widget-container\">\n\t\t\t\t\t<h1 class=\"elementor-heading-title elementor-size-default\">\u017bAGIEL BEZPRZECHY\u0141OWY<\/h1>\t\t\t\t<\/div>\n\t\t\t\t<\/div>\n\t\t\t\t\t<\/div>\n\t\t<\/div>\n\t\t\t\t\t<\/div>\n\t\t<\/section>\n\t\t\t\t<section class=\"elementor-section elementor-top-section elementor-element elementor-element-0077a1b elementor-section-boxed elementor-section-height-default elementor-section-height-default\" data-id=\"0077a1b\" data-element_type=\"section\">\n\t\t\t\t\t\t<div class=\"elementor-container elementor-column-gap-default\">\n\t\t\t\t\t<div class=\"elementor-column elementor-col-100 elementor-top-column elementor-element elementor-element-10424bf\" data-id=\"10424bf\" data-element_type=\"column\">\n\t\t\t<div class=\"elementor-widget-wrap elementor-element-populated\">\n\t\t\t\t\t\t<div class=\"elementor-element elementor-element-d24a0e6 elementor-widget elementor-widget-video\" data-id=\"d24a0e6\" data-element_type=\"widget\" data-settings=\"{&quot;youtube_url&quot;:&quot;https:\\\/\\\/www.youtube.com\\\/watch?v=9A2V00atXWQ&quot;,&quot;video_type&quot;:&quot;youtube&quot;,&quot;controls&quot;:&quot;yes&quot;}\" data-widget_type=\"video.default\">\n\t\t\t\t<div class=\"elementor-widget-container\">\n\t\t\t\t\t\t\t<div class=\"elementor-wrapper elementor-open-inline\">\n\t\t\t<div class=\"elementor-video\"><\/div>\t\t<\/div>\n\t\t\t\t\t\t<\/div>\n\t\t\t\t<\/div>\n\t\t\t\t\t<\/div>\n\t\t<\/div>\n\t\t\t\t\t<\/div>\n\t\t<\/section>\n\t\t\t\t<section class=\"elementor-section elementor-top-section elementor-element elementor-element-74a38c0 elementor-section-boxed elementor-section-height-default elementor-section-height-default\" data-id=\"74a38c0\" data-element_type=\"section\">\n\t\t\t\t\t\t<div class=\"elementor-container elementor-column-gap-default\">\n\t\t\t\t\t<div class=\"elementor-column elementor-col-100 elementor-top-column elementor-element elementor-element-f873f04\" data-id=\"f873f04\" data-element_type=\"column\">\n\t\t\t<div class=\"elementor-widget-wrap elementor-element-populated\">\n\t\t\t\t\t\t<div class=\"elementor-element elementor-element-87c5efc elementor-widget elementor-widget-text-editor\" data-id=\"87c5efc\" data-element_type=\"widget\" data-widget_type=\"text-editor.default\">\n\t\t\t\t<div class=\"elementor-widget-container\">\n\t\t\t\t\t\t\t\t\t<p><strong>\u017bagiel bezprzechy\u0142owy<\/strong> to <strong>innowacyjna technologia wspomagaj\u0105ca nap\u0119d statk\u00f3w<\/strong>, kt\u00f3ra <strong>eliminuje zjawisko przechy\u0142u jednostki<\/strong> podczas korzystania z energii wiatru. Dzi\u0119ki specjalnemu ustawieniu \u017cagla po stronie nawietrznej, z odpowiednim k\u0105tem wychylenia do przodu i na zawietrzn\u0105 stron\u0119, si\u0142a wiatru dzia\u0142a poziomo \u2013 <strong>popychaj\u0105c statek do przodu bez generowania momentu przechylaj\u0105cego<\/strong>. Rozwi\u0105zanie to mo\u017ce by\u0107 stosowane na statkach dowolnej wielko\u015bci i pozwala bezpiecznie <strong>wykorzysta\u0107 si\u0142\u0119 wiatru do zmniejszenia zu\u017cycia paliwa<\/strong>.<\/p><hr \/><p><strong>Korzy\u015bci wynikaj\u0105ce z zastosowania \u017bagla bezprzechy\u0142owego<\/strong><\/p><p>\u2705 <strong>Brak przechy\u0142u statku<\/strong> \u2013 bezpieczny transport \u0142adunku, szczeg\u00f3lnie wra\u017cliwego, niezale\u017cnie od si\u0142y wiatru i warunk\u00f3w \u017ceglugi<br \/>\u2705 <strong>Ni\u017csze zu\u017cycie paliwa<\/strong> \u2013 ka\u017cdy metr kwadratowy \u017cagla przek\u0142ada si\u0119 na wymierne oszcz\u0119dno\u015bci i redukcj\u0119 emisji CO\u2082<br \/>\u2705 <strong>Zwi\u0119kszona efektywno\u015b\u0107 energetyczna<\/strong> \u2013 wykorzystanie darmowego i dost\u0119pnego \u017ar\u00f3d\u0142a energii \u2013 wiatru \u2013 do wspomagania nap\u0119du statku<br \/>\u2705 <strong>Zgodno\u015b\u0107 z regulacjami \u015brodowiskowymi<\/strong> \u2013 wspiera dekarbonizacj\u0119 sektora transportu morskiego<br \/>\u2705 <strong>Mo\u017cliwo\u015b\u0107 zwi\u0119kszenia powierzchni \u017cagli<\/strong> \u2013 brak przechy\u0142u umo\u017cliwia zastosowanie wi\u0119kszych \u017cagli ni\u017c w tradycyjnych rozwi\u0105zaniach<br \/>\u2705 <strong>Poprawa stabilno\u015bci statku<\/strong> \u2013 si\u0142a wiatru dodatkowo dociska statek do wody, pe\u0142ni\u0105c rol\u0119 balastu<\/p><hr \/><p><strong>Prototyp i rozw\u00f3j konstrukcji<\/strong><\/p><p>\u017bagiel Stabilny sk\u0142ada si\u0119 z nast\u0119puj\u0105cych element\u00f3w:<\/p><ul><li>\u017cagla (S), rozpi\u0119tego mi\u0119dzy punktami A (przedni dolny r\u00f3g), B (g\u00f3rny r\u00f3g), C (tylny r\u00f3g)<\/li><li>masztu (4) i bomu (5), odpowiednio usytuowanych na kad\u0142ubie statku (H)<\/li><li>olinowania z szotami (6L\/6R i 7L\/7R) oraz punktami mocuj\u0105cymi (8L\/8R, 9L\/9R, 10)<\/li><li>specjalnej geometrii i ustawienia \u2013 \u017cagiel zamontowany jest po stronie nawietrznej, pochylony do przodu i zawietrznie<\/li><\/ul><p>Taka konstrukcja powoduje, \u017ce wypadkowa si\u0142a wiatru (F) dzia\u0142a w osi symetrii statku, nie powoduj\u0105c momentu przechylaj\u0105cego. Trwaj\u0105 prace nad prototypem w skali demonstracyjnej, kt\u00f3ry ma potwierdzi\u0107 za\u0142o\u017cenia aerodynamiczne i stateczno\u015bciowe technologii.<\/p><p><!-- \/wp:image --><\/p>\t\t\t\t\t\t\t\t<\/div>\n\t\t\t\t<\/div>\n\t\t\t\t\t<\/div>\n\t\t<\/div>\n\t\t\t\t\t<\/div>\n\t\t<\/section>\n\t\t\t\t<section class=\"elementor-section elementor-top-section elementor-element elementor-element-032648c elementor-section-boxed elementor-section-height-default elementor-section-height-default\" data-id=\"032648c\" data-element_type=\"section\">\n\t\t\t\t\t\t<div class=\"elementor-container elementor-column-gap-default\">\n\t\t\t\t\t<div class=\"elementor-column elementor-col-100 elementor-top-column elementor-element elementor-element-772a069\" data-id=\"772a069\" data-element_type=\"column\">\n\t\t\t<div class=\"elementor-widget-wrap elementor-element-populated\">\n\t\t\t\t\t\t<div class=\"elementor-element elementor-element-bcb32d3 elementor-widget elementor-widget-image\" data-id=\"bcb32d3\" data-element_type=\"widget\" data-widget_type=\"image.default\">\n\t\t\t\t<div class=\"elementor-widget-container\">\n\t\t\t\t\t\t\t\t\t\t\t\t\t\t\t<img fetchpriority=\"high\" decoding=\"async\" width=\"768\" height=\"242\" src=\"https:\/\/ensavid.com\/wp-content\/uploads\/2023\/06\/Fig1-2-768x242.png\" class=\"attachment-medium_large size-medium_large wp-image-1960\" alt=\"\" srcset=\"https:\/\/ensavid.com\/wp-content\/uploads\/2023\/06\/Fig1-2-768x242.png 768w, https:\/\/ensavid.com\/wp-content\/uploads\/2023\/06\/Fig1-2-300x95.png 300w, https:\/\/ensavid.com\/wp-content\/uploads\/2023\/06\/Fig1-2.png 938w\" sizes=\"(max-width: 768px) 100vw, 768px\" \/>\t\t\t\t\t\t\t\t\t\t\t\t\t\t\t<\/div>\n\t\t\t\t<\/div>\n\t\t\t\t\t<\/div>\n\t\t<\/div>\n\t\t\t\t\t<\/div>\n\t\t<\/section>\n\t\t\t\t<section class=\"elementor-section elementor-top-section elementor-element elementor-element-200039d elementor-section-boxed elementor-section-height-default elementor-section-height-default\" data-id=\"200039d\" data-element_type=\"section\">\n\t\t\t\t\t\t<div class=\"elementor-container elementor-column-gap-default\">\n\t\t\t\t\t<div class=\"elementor-column elementor-col-100 elementor-top-column elementor-element elementor-element-3a3cd88\" data-id=\"3a3cd88\" data-element_type=\"column\">\n\t\t\t<div class=\"elementor-widget-wrap elementor-element-populated\">\n\t\t\t\t\t\t<div class=\"elementor-element elementor-element-9e0a087 elementor-widget elementor-widget-image\" data-id=\"9e0a087\" data-element_type=\"widget\" data-widget_type=\"image.default\">\n\t\t\t\t<div class=\"elementor-widget-container\">\n\t\t\t\t\t\t\t\t\t\t\t\t\t\t\t<img decoding=\"async\" width=\"768\" height=\"269\" src=\"https:\/\/ensavid.com\/wp-content\/uploads\/2023\/06\/Fig2-1-768x269.png\" class=\"attachment-medium_large size-medium_large wp-image-1961\" alt=\"\" srcset=\"https:\/\/ensavid.com\/wp-content\/uploads\/2023\/06\/Fig2-1-768x269.png 768w, https:\/\/ensavid.com\/wp-content\/uploads\/2023\/06\/Fig2-1-300x105.png 300w, https:\/\/ensavid.com\/wp-content\/uploads\/2023\/06\/Fig2-1-1024x359.png 1024w, https:\/\/ensavid.com\/wp-content\/uploads\/2023\/06\/Fig2-1.png 1053w\" sizes=\"(max-width: 768px) 100vw, 768px\" \/>\t\t\t\t\t\t\t\t\t\t\t\t\t\t\t<\/div>\n\t\t\t\t<\/div>\n\t\t\t\t\t<\/div>\n\t\t<\/div>\n\t\t\t\t\t<\/div>\n\t\t<\/section>\n\t\t\t\t<section class=\"elementor-section elementor-top-section elementor-element elementor-element-67fc863 elementor-section-boxed elementor-section-height-default elementor-section-height-default\" data-id=\"67fc863\" data-element_type=\"section\">\n\t\t\t\t\t\t<div class=\"elementor-container elementor-column-gap-default\">\n\t\t\t\t\t<div class=\"elementor-column elementor-col-100 elementor-top-column elementor-element elementor-element-299e572\" data-id=\"299e572\" data-element_type=\"column\">\n\t\t\t<div class=\"elementor-widget-wrap elementor-element-populated\">\n\t\t\t\t\t\t<div class=\"elementor-element elementor-element-04870c6 elementor-widget elementor-widget-text-editor\" data-id=\"04870c6\" data-element_type=\"widget\" data-widget_type=\"text-editor.default\">\n\t\t\t\t<div class=\"elementor-widget-container\">\n\t\t\t\t\t\t\t\t\t<hr \/><p><strong>Zastosowania \u017bagla bezprzechy\u0142owego<\/strong><\/p><p>\u2705 <strong>Statki towarowe i kontenerowce<\/strong> \u2013 redukcja koszt\u00f3w paliwa bez ryzyka destabilizacji \u0142adunku<br \/>\u2705 <strong>Tankowce, gazowce i chemikaliowce<\/strong> \u2013 poprawa efektywno\u015bci operacyjnej na d\u0142ugich trasach oceanicznych<br \/>\u2705 <strong>Statki pasa\u017cerskie i promy<\/strong> \u2013 zwi\u0119kszenie komfortu podr\u00f3\u017cy i redukcja ko\u0142ysania bocznego<br \/>\u2705 <strong>Jednostki specjalistyczne i wojskowe<\/strong> \u2013 niezale\u017cny system wspomagania nap\u0119du<\/p><hr \/><p><strong>Status formalny i patenty<\/strong><\/p><p>\ud83d\udcdc <strong>Z\u0142o\u017cono wniosek patentowy do Urz\u0119du Patentowego RP<\/strong> &#8211; w trakcie rozpatrywania<\/p>\t\t\t\t\t\t\t\t<\/div>\n\t\t\t\t<\/div>\n\t\t\t\t\t<\/div>\n\t\t<\/div>\n\t\t\t\t\t<\/div>\n\t\t<\/section>\n\t\t\t\t<\/div>\n\t\t","protected":false},"excerpt":{"rendered":"<p>\u017bAGIEL BEZPRZECHY\u0141OWY https:\/\/www.youtube.com\/watch?v=9A2V00atXWQ \u017bagiel bezprzechy\u0142owy to innowacyjna technologia wspomagaj\u0105ca nap\u0119d statk\u00f3w, kt\u00f3ra eliminuje zjawisko przechy\u0142u jednostki podczas korzystania z energii wiatru. Dzi\u0119ki specjalnemu ustawieniu \u017cagla po stronie nawietrznej, z odpowiednim k\u0105tem wychylenia do przodu i na zawietrzn\u0105 stron\u0119, si\u0142a wiatru dzia\u0142a poziomo \u2013 popychaj\u0105c statek do przodu bez generowania momentu przechylaj\u0105cego. Rozwi\u0105zanie to mo\u017ce by\u0107 [&hellip;]<\/p>\n","protected":false},"author":1,"featured_media":0,"parent":0,"menu_order":0,"comment_status":"closed","ping_status":"closed","template":"","meta":{"site-sidebar-layout":"no-sidebar","site-content-layout":"page-builder","ast-site-content-layout":"full-width-container","site-content-style":"unboxed","site-sidebar-style":"unboxed","ast-global-header-display":"","ast-banner-title-visibility":"","ast-main-header-display":"","ast-hfb-above-header-display":"","ast-hfb-below-header-display":"","ast-hfb-mobile-header-display":"","site-post-title":"disabled","ast-breadcrumbs-content":"disabled","ast-featured-img":"disabled","footer-sml-layout":"","theme-transparent-header-meta":"enabled","adv-header-id-meta":"","stick-header-meta":"","header-above-stick-meta":"","header-main-stick-meta":"","header-below-stick-meta":"","astra-migrate-meta-layouts":"set","ast-page-background-enabled":"default","ast-page-background-meta":{"desktop":{"background-color":"","background-image":"","background-repeat":"repeat","background-position":"center center","background-size":"auto","background-attachment":"scroll","background-type":"","background-media":"","overlay-type":"","overlay-color":"","overlay-opacity":"","overlay-gradient":""},"tablet":{"background-color":"","background-image":"","background-repeat":"repeat","background-position":"center center","background-size":"auto","background-attachment":"scroll","background-type":"","background-media":"","overlay-type":"","overlay-color":"","overlay-opacity":"","overlay-gradient":""},"mobile":{"background-color":"","background-image":"","background-repeat":"repeat","background-position":"center center","background-size":"auto","background-attachment":"scroll","background-type":"","background-media":"","overlay-type":"","overlay-color":"","overlay-opacity":"","overlay-gradient":""}},"ast-content-background-meta":{"desktop":{"background-color":"var(--ast-global-color-5)","background-image":"","background-repeat":"repeat","background-position":"center center","background-size":"auto","background-attachment":"scroll","background-type":"","background-media":"","overlay-type":"","overlay-color":"","overlay-opacity":"","overlay-gradient":""},"tablet":{"background-color":"var(--ast-global-color-5)","background-image":"","background-repeat":"repeat","background-position":"center center","background-size":"auto","background-attachment":"scroll","background-type":"","background-media":"","overlay-type":"","overlay-color":"","overlay-opacity":"","overlay-gradient":""},"mobile":{"background-color":"var(--ast-global-color-5)","background-image":"","background-repeat":"repeat","background-position":"center center","background-size":"auto","background-attachment":"scroll","background-type":"","background-media":"","overlay-type":"","overlay-color":"","overlay-opacity":"","overlay-gradient":""}},"footnotes":""},"class_list":["post-2007","page","type-page","status-publish","hentry"],"_links":{"self":[{"href":"https:\/\/ensavid.com\/pl\/wp-json\/wp\/v2\/pages\/2007","targetHints":{"allow":["GET"]}}],"collection":[{"href":"https:\/\/ensavid.com\/pl\/wp-json\/wp\/v2\/pages"}],"about":[{"href":"https:\/\/ensavid.com\/pl\/wp-json\/wp\/v2\/types\/page"}],"author":[{"embeddable":true,"href":"https:\/\/ensavid.com\/pl\/wp-json\/wp\/v2\/users\/1"}],"replies":[{"embeddable":true,"href":"https:\/\/ensavid.com\/pl\/wp-json\/wp\/v2\/comments?post=2007"}],"version-history":[{"count":42,"href":"https:\/\/ensavid.com\/pl\/wp-json\/wp\/v2\/pages\/2007\/revisions"}],"predecessor-version":[{"id":3916,"href":"https:\/\/ensavid.com\/pl\/wp-json\/wp\/v2\/pages\/2007\/revisions\/3916"}],"wp:attachment":[{"href":"https:\/\/ensavid.com\/pl\/wp-json\/wp\/v2\/media?parent=2007"}],"curies":[{"name":"wp","href":"https:\/\/api.w.org\/{rel}","templated":true}]}}