{"id":2008,"date":"2023-05-31T14:15:05","date_gmt":"2023-05-31T12:15:05","guid":{"rendered":"https:\/\/ensavid.com\/concepts-sh-engine\/"},"modified":"2026-02-16T10:28:15","modified_gmt":"2026-02-16T08:28:15","slug":"silnik-sh","status":"publish","type":"page","link":"https:\/\/ensavid.com\/pl\/silnik-sh\/","title":{"rendered":"Silnik symetryczny hipocykloidalny"},"content":{"rendered":"\t\t<div data-elementor-type=\"wp-page\" data-elementor-id=\"2008\" class=\"elementor elementor-2008\">\n\t\t\t\t\t\t<section class=\"elementor-section elementor-top-section elementor-element elementor-element-9bc29c4 elementor-section-stretched elementor-section-boxed elementor-section-height-default elementor-section-height-default\" data-id=\"9bc29c4\" data-element_type=\"section\" data-settings=\"{&quot;background_background&quot;:&quot;classic&quot;,&quot;stretch_section&quot;:&quot;section-stretched&quot;}\">\n\t\t\t\t\t\t<div class=\"elementor-container elementor-column-gap-no\">\n\t\t\t\t\t<div class=\"elementor-column elementor-col-100 elementor-top-column elementor-element elementor-element-ca35567\" data-id=\"ca35567\" data-element_type=\"column\">\n\t\t\t<div class=\"elementor-widget-wrap elementor-element-populated\">\n\t\t\t\t\t\t<div class=\"elementor-element elementor-element-2210691 elementor-widget__width-initial elementor-widget elementor-widget-heading\" data-id=\"2210691\" data-element_type=\"widget\" data-widget_type=\"heading.default\">\n\t\t\t\t<div class=\"elementor-widget-container\">\n\t\t\t\t\t<h1 class=\"elementor-heading-title elementor-size-default\">Silnik Symetryczny Hipocykloidalny<\/h1>\t\t\t\t<\/div>\n\t\t\t\t<\/div>\n\t\t\t\t\t<\/div>\n\t\t<\/div>\n\t\t\t\t\t<\/div>\n\t\t<\/section>\n\t\t\t\t<section class=\"elementor-section elementor-top-section elementor-element elementor-element-0077a1b elementor-section-boxed elementor-section-height-default elementor-section-height-default\" data-id=\"0077a1b\" data-element_type=\"section\">\n\t\t\t\t\t\t<div class=\"elementor-container elementor-column-gap-default\">\n\t\t\t\t\t<div class=\"elementor-column elementor-col-100 elementor-top-column elementor-element elementor-element-ede89d0\" data-id=\"ede89d0\" data-element_type=\"column\">\n\t\t\t<div class=\"elementor-widget-wrap elementor-element-populated\">\n\t\t\t\t\t\t<div class=\"elementor-element elementor-element-8141dbd elementor-widget elementor-widget-video\" data-id=\"8141dbd\" data-element_type=\"widget\" data-settings=\"{&quot;youtube_url&quot;:&quot;https:\\\/\\\/www.youtube.com\\\/watch?v=CuVP3y761xY&quot;,&quot;video_type&quot;:&quot;youtube&quot;,&quot;controls&quot;:&quot;yes&quot;}\" data-widget_type=\"video.default\">\n\t\t\t\t<div class=\"elementor-widget-container\">\n\t\t\t\t\t\t\t<div class=\"elementor-wrapper elementor-open-inline\">\n\t\t\t<div class=\"elementor-video\"><\/div>\t\t<\/div>\n\t\t\t\t\t\t<\/div>\n\t\t\t\t<\/div>\n\t\t\t\t\t<\/div>\n\t\t<\/div>\n\t\t\t\t\t<\/div>\n\t\t<\/section>\n\t\t\t\t<section class=\"elementor-section elementor-top-section elementor-element elementor-element-74a38c0 elementor-section-boxed elementor-section-height-default elementor-section-height-default\" data-id=\"74a38c0\" data-element_type=\"section\">\n\t\t\t\t\t\t<div class=\"elementor-container elementor-column-gap-default\">\n\t\t\t\t\t<div class=\"elementor-column elementor-col-100 elementor-top-column elementor-element elementor-element-f873f04\" data-id=\"f873f04\" data-element_type=\"column\">\n\t\t\t<div class=\"elementor-widget-wrap elementor-element-populated\">\n\t\t\t\t\t\t<div class=\"elementor-element elementor-element-87c5efc elementor-widget elementor-widget-text-editor\" data-id=\"87c5efc\" data-element_type=\"widget\" data-widget_type=\"text-editor.default\">\n\t\t\t\t<div class=\"elementor-widget-container\">\n\t\t\t\t\t\t\t\t\t<p><strong>Symetryczny silnik hipocykloidalny (SH)<\/strong> to <strong>innowacyjna konstrukcja silnika spalinowego<\/strong>, w kt\u00f3rej klasyczny wa\u0142 korbowy zast\u0105piono kompaktowym, symetrycznym mechanizmem hipocykloidalnym. Dzi\u0119ki temu rozwi\u0105zaniu t\u0142ok przemieszcza si\u0119 w cylindrze <strong>praktycznie bez tarcia<\/strong>, co znacz\u0105co <strong>zwi\u0119ksza efektywno\u015b\u0107 pracy<\/strong>.<\/p><hr \/><p><strong>Korzy\u015bci wynikaj\u0105ce z zastosowania silnika SH<\/strong><\/p><p><strong>\u2705Redukcja zu\u017cycia paliwa<\/strong> \u2013 eliminacja tarcia mi\u0119dzy t\u0142okiem a cylindrem pozwala zmniejszy\u0107 zu\u017cycie paliwa nawet o 20% w por\u00f3wnaniu do tradycyjnych silnik\u00f3w spalinowych.<\/p><p><strong>\u2705Zwi\u0119kszona trwa\u0142o\u015b\u0107<\/strong> \u2013 brak tarcia redukuje zu\u017cycie komponent\u00f3w, wyd\u0142u\u017caj\u0105c \u017cywotno\u015b\u0107 silnika.<\/p><p><strong>\u2705Lekko\u015b\u0107 i kompaktowo\u015b\u0107<\/strong> \u2013 symetryczny mechanizm hipocykloidalny jest mniejszy i l\u017cejszy ni\u017c standardowe rozwi\u0105zania, co obni\u017ca ca\u0142kowit\u0105 mas\u0119 silnika oraz zwi\u0119ksza mo\u017cliwo\u015bci monta\u017cu w r\u00f3\u017cnego rodzaju urz\u0105dzeniach.<\/p><hr \/><p><strong>Prototyp i rozw\u00f3j konstrukcji<\/strong><\/p><p>Silnik SH sk\u0142ada si\u0119 z:<\/p><ul><li>Cylindra i t\u0142oka,<\/li><li>Symetrycznego mechanizmu z\u0142o\u017conego z ko\u0142a g\u0142\u00f3wnego i planetarnego,<\/li><li>Korbowodu, kt\u00f3ry wsp\u00f3\u0142pracuje z ko\u0142em planetarnym.<\/li><\/ul><p>Podczas pracy t\u0142ok wprawia w ruch ko\u0142o planetarne, kt\u00f3re obracaj\u0105c si\u0119 jednocze\u015bnie wok\u00f3\u0142 w\u0142asnej osi oraz wok\u00f3\u0142 osi ko\u0142a g\u0142\u00f3wnego, przenosi ruch obrotowy na wa\u0142 silnika. Symetryczny uk\u0142ad i precyzyjne wywa\u017cenie element\u00f3w sprawiaj\u0105, \u017ce ca\u0142y mechanizm dzia\u0142a p\u0142ynnie, zminimalizowany jest poziom wibracji i ha\u0142asu. Trwaj\u0105 prace nad prototypem 1.<\/p><p>Rysunek poni\u017cej przedstawia kolejne fazy ruchu silnika.<\/p>\t\t\t\t\t\t\t\t<\/div>\n\t\t\t\t<\/div>\n\t\t\t\t\t<\/div>\n\t\t<\/div>\n\t\t\t\t\t<\/div>\n\t\t<\/section>\n\t\t\t\t<section class=\"elementor-section elementor-top-section elementor-element elementor-element-f11a3e4 elementor-section-boxed elementor-section-height-default elementor-section-height-default\" data-id=\"f11a3e4\" data-element_type=\"section\">\n\t\t\t\t\t\t<div class=\"elementor-container elementor-column-gap-default\">\n\t\t\t\t\t<div class=\"elementor-column elementor-col-100 elementor-top-column elementor-element elementor-element-023b99b\" data-id=\"023b99b\" data-element_type=\"column\">\n\t\t\t<div class=\"elementor-widget-wrap elementor-element-populated\">\n\t\t\t\t\t\t<div class=\"elementor-element elementor-element-adcc6e4 elementor-widget elementor-widget-image\" data-id=\"adcc6e4\" data-element_type=\"widget\" data-widget_type=\"image.default\">\n\t\t\t\t<div class=\"elementor-widget-container\">\n\t\t\t\t\t\t\t\t\t\t\t\t\t\t\t<img fetchpriority=\"high\" decoding=\"async\" width=\"768\" height=\"425\" src=\"https:\/\/ensavid.com\/wp-content\/uploads\/2023\/06\/image-2-768x425.png\" class=\"attachment-medium_large size-medium_large wp-image-1965\" alt=\"\" srcset=\"https:\/\/ensavid.com\/wp-content\/uploads\/2023\/06\/image-2-768x425.png 768w, https:\/\/ensavid.com\/wp-content\/uploads\/2023\/06\/image-2-300x166.png 300w, https:\/\/ensavid.com\/wp-content\/uploads\/2023\/06\/image-2.png 1017w\" sizes=\"(max-width: 768px) 100vw, 768px\" \/>\t\t\t\t\t\t\t\t\t\t\t\t\t\t\t<\/div>\n\t\t\t\t<\/div>\n\t\t\t\t\t<\/div>\n\t\t<\/div>\n\t\t\t\t\t<\/div>\n\t\t<\/section>\n\t\t\t\t<section class=\"elementor-section elementor-top-section elementor-element elementor-element-c5eb4ac elementor-section-boxed elementor-section-height-default elementor-section-height-default\" data-id=\"c5eb4ac\" data-element_type=\"section\">\n\t\t\t\t\t\t<div class=\"elementor-container elementor-column-gap-default\">\n\t\t\t\t\t<div class=\"elementor-column elementor-col-100 elementor-top-column elementor-element elementor-element-6d38e87\" data-id=\"6d38e87\" data-element_type=\"column\">\n\t\t\t<div class=\"elementor-widget-wrap elementor-element-populated\">\n\t\t\t\t\t\t<div class=\"elementor-element elementor-element-67b74b6 elementor-widget elementor-widget-text-editor\" data-id=\"67b74b6\" data-element_type=\"widget\" data-widget_type=\"text-editor.default\">\n\t\t\t\t<div class=\"elementor-widget-container\">\n\t\t\t\t\t\t\t\t\t<hr>\n<p><strong style=\"font-style: inherit; background-color: var(--ast-global-color-4); color: var(--ast-global-color-3);\">Zastosowania silnika SH<\/strong><\/p>\n<p><strong>\u2705Silniki spalinowe w pojazdach osobowych i u\u017cytkowych<\/strong><\/p>\n<p><strong>\u2705Ma\u0142e i lekkie agregaty pr\u0105dotw\u00f3rcze<\/strong><\/p>\n<p><strong>\u2705Wydajne spr\u0119\u017carki powietrza<\/strong><\/p>\n<p><strong>\u2705Przemys\u0142owe urz\u0105dzenia z nap\u0119dem spalinowym<\/strong><\/p>\n<hr>\n<p><strong>Status formalny i patenty:<\/strong><\/p>\n<p>\ud83d\udcdc Silnik SH zosta\u0142 zg\u0142oszony do <b>ochrony patentowej<\/b>.<\/p>\n<p>\ud83d\udcdc <b>Patenty krajowe oraz mi\u0119dzynarodowe<\/b> \u2013 2026 r.<\/p>\t\t\t\t\t\t\t\t<\/div>\n\t\t\t\t<\/div>\n\t\t\t\t\t<\/div>\n\t\t<\/div>\n\t\t\t\t\t<\/div>\n\t\t<\/section>\n\t\t\t\t<\/div>\n\t\t","protected":false},"excerpt":{"rendered":"<p>Silnik Symetryczny Hipocykloidalny https:\/\/www.youtube.com\/watch?v=CuVP3y761xY Symetryczny silnik hipocykloidalny (SH) to innowacyjna konstrukcja silnika spalinowego, w kt\u00f3rej klasyczny wa\u0142 korbowy zast\u0105piono kompaktowym, symetrycznym mechanizmem hipocykloidalnym. Dzi\u0119ki temu rozwi\u0105zaniu t\u0142ok przemieszcza si\u0119 w cylindrze praktycznie bez tarcia, co znacz\u0105co zwi\u0119ksza efektywno\u015b\u0107 pracy. Korzy\u015bci wynikaj\u0105ce z zastosowania silnika SH \u2705Redukcja zu\u017cycia paliwa \u2013 eliminacja tarcia mi\u0119dzy t\u0142okiem a cylindrem [&hellip;]<\/p>\n","protected":false},"author":1,"featured_media":0,"parent":0,"menu_order":0,"comment_status":"closed","ping_status":"closed","template":"","meta":{"site-sidebar-layout":"no-sidebar","site-content-layout":"page-builder","ast-site-content-layout":"full-width-container","site-content-style":"unboxed","site-sidebar-style":"unboxed","ast-global-header-display":"","ast-banner-title-visibility":"","ast-main-header-display":"","ast-hfb-above-header-display":"","ast-hfb-below-header-display":"","ast-hfb-mobile-header-display":"","site-post-title":"disabled","ast-breadcrumbs-content":"disabled","ast-featured-img":"disabled","footer-sml-layout":"","theme-transparent-header-meta":"enabled","adv-header-id-meta":"","stick-header-meta":"","header-above-stick-meta":"","header-main-stick-meta":"","header-below-stick-meta":"","astra-migrate-meta-layouts":"set","ast-page-background-enabled":"default","ast-page-background-meta":{"desktop":{"background-color":"","background-image":"","background-repeat":"repeat","background-position":"center center","background-size":"auto","background-attachment":"scroll","background-type":"","background-media":"","overlay-type":"","overlay-color":"","overlay-opacity":"","overlay-gradient":""},"tablet":{"background-color":"","background-image":"","background-repeat":"repeat","background-position":"center center","background-size":"auto","background-attachment":"scroll","background-type":"","background-media":"","overlay-type":"","overlay-color":"","overlay-opacity":"","overlay-gradient":""},"mobile":{"background-color":"","background-image":"","background-repeat":"repeat","background-position":"center center","background-size":"auto","background-attachment":"scroll","background-type":"","background-media":"","overlay-type":"","overlay-color":"","overlay-opacity":"","overlay-gradient":""}},"ast-content-background-meta":{"desktop":{"background-color":"var(--ast-global-color-5)","background-image":"","background-repeat":"repeat","background-position":"center center","background-size":"auto","background-attachment":"scroll","background-type":"","background-media":"","overlay-type":"","overlay-color":"","overlay-opacity":"","overlay-gradient":""},"tablet":{"background-color":"var(--ast-global-color-5)","background-image":"","background-repeat":"repeat","background-position":"center center","background-size":"auto","background-attachment":"scroll","background-type":"","background-media":"","overlay-type":"","overlay-color":"","overlay-opacity":"","overlay-gradient":""},"mobile":{"background-color":"var(--ast-global-color-5)","background-image":"","background-repeat":"repeat","background-position":"center center","background-size":"auto","background-attachment":"scroll","background-type":"","background-media":"","overlay-type":"","overlay-color":"","overlay-opacity":"","overlay-gradient":""}},"footnotes":""},"class_list":["post-2008","page","type-page","status-publish","hentry"],"_links":{"self":[{"href":"https:\/\/ensavid.com\/pl\/wp-json\/wp\/v2\/pages\/2008","targetHints":{"allow":["GET"]}}],"collection":[{"href":"https:\/\/ensavid.com\/pl\/wp-json\/wp\/v2\/pages"}],"about":[{"href":"https:\/\/ensavid.com\/pl\/wp-json\/wp\/v2\/types\/page"}],"author":[{"embeddable":true,"href":"https:\/\/ensavid.com\/pl\/wp-json\/wp\/v2\/users\/1"}],"replies":[{"embeddable":true,"href":"https:\/\/ensavid.com\/pl\/wp-json\/wp\/v2\/comments?post=2008"}],"version-history":[{"count":100,"href":"https:\/\/ensavid.com\/pl\/wp-json\/wp\/v2\/pages\/2008\/revisions"}],"predecessor-version":[{"id":4531,"href":"https:\/\/ensavid.com\/pl\/wp-json\/wp\/v2\/pages\/2008\/revisions\/4531"}],"wp:attachment":[{"href":"https:\/\/ensavid.com\/pl\/wp-json\/wp\/v2\/media?parent=2008"}],"curies":[{"name":"wp","href":"https:\/\/api.w.org\/{rel}","templated":true}]}}