{"id":2010,"date":"2023-05-31T11:16:29","date_gmt":"2023-05-31T09:16:29","guid":{"rendered":"https:\/\/ensavid.com\/about\/"},"modified":"2025-09-21T09:43:52","modified_gmt":"2025-09-21T07:43:52","slug":"o-nas","status":"publish","type":"page","link":"https:\/\/ensavid.com\/pl\/o-nas\/","title":{"rendered":"O Nas"},"content":{"rendered":"\t\t<div data-elementor-type=\"wp-page\" data-elementor-id=\"2010\" class=\"elementor elementor-2010\">\n\t\t\t\t\t\t<section class=\"elementor-section elementor-top-section elementor-element elementor-element-9bc29c4 elementor-section-boxed elementor-section-height-default elementor-section-height-default\" data-id=\"9bc29c4\" data-element_type=\"section\" data-settings=\"{&quot;background_background&quot;:&quot;classic&quot;}\">\n\t\t\t\t\t\t\t<div class=\"elementor-background-overlay\"><\/div>\n\t\t\t\t\t\t\t<div class=\"elementor-container elementor-column-gap-no\">\n\t\t\t\t\t<div class=\"elementor-column elementor-col-50 elementor-top-column elementor-element elementor-element-ca35567\" data-id=\"ca35567\" data-element_type=\"column\">\n\t\t\t<div class=\"elementor-widget-wrap elementor-element-populated\">\n\t\t\t\t\t\t<div class=\"elementor-element elementor-element-2210691 elementor-widget elementor-widget-heading\" data-id=\"2210691\" data-element_type=\"widget\" data-widget_type=\"heading.default\">\n\t\t\t\t<div class=\"elementor-widget-container\">\n\t\t\t\t\t<h1 class=\"elementor-heading-title elementor-size-default\">O Nas<\/h1>\t\t\t\t<\/div>\n\t\t\t\t<\/div>\n\t\t\t\t<div class=\"elementor-element elementor-element-ae9d154 elementor-widget__width-initial elementor-widget elementor-widget-text-editor\" data-id=\"ae9d154\" data-element_type=\"widget\" data-widget_type=\"text-editor.default\">\n\t\t\t\t<div class=\"elementor-widget-container\">\n\t\t\t\t\t\t\t\t\t<p style=\"text-align: left;\"><strong>ENSAVID<\/strong>&nbsp;to&nbsp;<strong>polska firma in\u017cynieryjna deep-tech<\/strong>, kt\u00f3ra <b>rozwija projekty mechaniczne o wysokim potencjale komercjalizacji<\/b>, uzyskuje na nie&nbsp;<strong>patenty<\/strong>&nbsp;i udziela wsparcia<strong>&nbsp;<\/strong>we&nbsp;<strong>wdro\u017ceniu<\/strong>. Nasze konstrukcje znajduj\u0105 zastosowanie w kluczowych sektorach&nbsp;<strong>przemys\u0142u i transportu<\/strong>.&nbsp;Projektujemy technologie dla m.in.&nbsp;<strong>silnik\u00f3w spalinowych, spr\u0119\u017carek i turbin, pojazd\u00f3w mechanicznych.<\/strong><\/p>\n<p style=\"text-align: left;\">W ramach pasji zespo\u0142u, opracowali\u015bmy tak\u017ce&nbsp;<strong>innowacyjne projekty rowerowe<\/strong>. Obejmuj\u0105 one nowatorski rower treningowy&nbsp;<strong>nap\u0119dzany mi\u0119\u015bniami g\u00f3rnej cz\u0119\u015bci cia\u0142a<\/strong>&nbsp;(<strong>SHAPE-ME BIKE<\/strong>) oraz konstrukcj\u0119 ramy umo\u017cliwiaj\u0105c\u0105 prost\u0105&nbsp;<strong>zmian\u0119 pozycji<\/strong>&nbsp;rowerzysty mi\u0119dzy&nbsp;<strong>pionow\u0105 a poziom\u0105&nbsp;<\/strong>w jednym modelu (<strong>2 FORM BIKE<\/strong>).<\/p>\t\t\t\t\t\t\t\t<\/div>\n\t\t\t\t<\/div>\n\t\t\t\t\t<\/div>\n\t\t<\/div>\n\t\t\t\t<div class=\"elementor-column elementor-col-50 elementor-top-column elementor-element elementor-element-047e1ad\" data-id=\"047e1ad\" data-element_type=\"column\">\n\t\t\t<div class=\"elementor-widget-wrap\">\n\t\t\t\t\t\t\t<\/div>\n\t\t<\/div>\n\t\t\t\t\t<\/div>\n\t\t<\/section>\n\t\t\t\t<section class=\"elementor-section elementor-top-section elementor-element elementor-element-734c351 elementor-section-boxed elementor-section-height-default elementor-section-height-default\" data-id=\"734c351\" data-element_type=\"section\">\n\t\t\t\t\t\t<div class=\"elementor-container elementor-column-gap-default\">\n\t\t\t\t\t<div class=\"elementor-column elementor-col-50 elementor-top-column elementor-element elementor-element-47fecfd\" data-id=\"47fecfd\" data-element_type=\"column\">\n\t\t\t<div class=\"elementor-widget-wrap elementor-element-populated\">\n\t\t\t\t\t\t<div class=\"elementor-element elementor-element-f05d0b0 elementor-widget__width-initial elementor-widget elementor-widget-image\" data-id=\"f05d0b0\" data-element_type=\"widget\" data-widget_type=\"image.default\">\n\t\t\t\t<div class=\"elementor-widget-container\">\n\t\t\t\t\t\t\t\t\t\t\t\t\t\t\t<img fetchpriority=\"high\" decoding=\"async\" width=\"491\" height=\"367\" src=\"https:\/\/ensavid.com\/wp-content\/uploads\/2023\/06\/PR102437x10.jpg\" class=\"attachment-full size-full wp-image-1669\" alt=\"\" srcset=\"https:\/\/ensavid.com\/wp-content\/uploads\/2023\/06\/PR102437x10.jpg 491w, https:\/\/ensavid.com\/wp-content\/uploads\/2023\/06\/PR102437x10-300x224.jpg 300w\" sizes=\"(max-width: 491px) 100vw, 491px\" \/>\t\t\t\t\t\t\t\t\t\t\t\t\t\t\t<\/div>\n\t\t\t\t<\/div>\n\t\t\t\t\t<\/div>\n\t\t<\/div>\n\t\t\t\t<div class=\"elementor-column elementor-col-50 elementor-top-column elementor-element elementor-element-acdf2f9\" data-id=\"acdf2f9\" data-element_type=\"column\">\n\t\t\t<div class=\"elementor-widget-wrap elementor-element-populated\">\n\t\t\t\t\t\t<div class=\"elementor-element elementor-element-fb13bda elementor-widget-divider--view-line elementor-widget elementor-widget-divider\" data-id=\"fb13bda\" data-element_type=\"widget\" data-widget_type=\"divider.default\">\n\t\t\t\t<div class=\"elementor-widget-container\">\n\t\t\t\t\t\t\t<div class=\"elementor-divider\">\n\t\t\t<span class=\"elementor-divider-separator\">\n\t\t\t\t\t\t<\/span>\n\t\t<\/div>\n\t\t\t\t\t\t<\/div>\n\t\t\t\t<\/div>\n\t\t\t\t<div class=\"elementor-element elementor-element-3ee3e7e elementor-widget__width-initial elementor-widget elementor-widget-text-editor\" data-id=\"3ee3e7e\" data-element_type=\"widget\" data-widget_type=\"text-editor.default\">\n\t\t\t\t<div class=\"elementor-widget-container\">\n\t\t\t\t\t\t\t\t\t<p style=\"text-align: left;\"><strong>PREZES<\/strong><\/p>\n<p style=\"text-align: left;\"><strong>Pawe\u0142 Wawrzy\u0144ski<\/strong> \u2013 dr hab. in\u017c., polski <a href=\"https:\/\/scholar.google.com\/citations?user=wKHsiHIAAAAJ\">naukowiec<\/a> i wynalazca specjalizuj\u0105cy si\u0119 w sztucznej inteligencji, uczeniu maszynowym i sieciach neuronowych, z ponad 20-letnim do\u015bwiadczeniem. Uko\u0144czy\u0142 informatyk\u0119 na Politechnice Warszawskiej i ekonomi\u0119 na Uniwersytecie Warszawskim. W 2005 roku uzyska\u0142 doktorat na Politechnice Warszawskiej, a w 2016 habilitacj\u0119 na podstawie cyklu publikacji o uczeniu przez wzmacnianie w sterowaniu.<\/p>\n<p style=\"text-align: left;\">Pracowa\u0142 w Instytucie Automatyki i Informatyki Stosowanej Politechniki Warszawskiej, by\u0142 zast\u0119pc\u0105 dyrektora ds. naukowych Instytutu Informatyki PW oraz liderem zespo\u0142u badawczego w IDEAS NCBR.<\/p>\n<p style=\"text-align: left;\">Jego badania obejmuj\u0105 m.in. uczenie przez wzmacnianie, sieci neuronowe, adaptacyjne sterowanie, robotyk\u0119 oraz modelowanie proces\u00f3w poznawczych. Jest autorem ponad 70 publikacji w presti\u017cowych czasopismach i na konferencjach, takich jak <em>Neural Networks<\/em>, <em>Neurocomputing<\/em>, <em>IEEE Transactions on Neural Networks<\/em>, czy <em>IJCAI<\/em>.<\/p>\t\t\t\t\t\t\t\t<\/div>\n\t\t\t\t<\/div>\n\t\t\t\t\t<\/div>\n\t\t<\/div>\n\t\t\t\t\t<\/div>\n\t\t<\/section>\n\t\t\t\t<section class=\"elementor-section elementor-top-section elementor-element elementor-element-ce4c4ad elementor-section-boxed elementor-section-height-default elementor-section-height-default\" data-id=\"ce4c4ad\" data-element_type=\"section\">\n\t\t\t\t\t\t<div class=\"elementor-container elementor-column-gap-default\">\n\t\t\t\t\t<div class=\"elementor-column elementor-col-50 elementor-top-column elementor-element elementor-element-6cd76d0\" data-id=\"6cd76d0\" data-element_type=\"column\">\n\t\t\t<div class=\"elementor-widget-wrap\">\n\t\t\t\t\t\t\t<\/div>\n\t\t<\/div>\n\t\t\t\t<div class=\"elementor-column elementor-col-50 elementor-top-column elementor-element elementor-element-8efe640\" data-id=\"8efe640\" data-element_type=\"column\">\n\t\t\t<div class=\"elementor-widget-wrap elementor-element-populated\">\n\t\t\t\t\t\t<div class=\"elementor-element elementor-element-b386212 elementor-widget-divider--view-line elementor-widget elementor-widget-divider\" data-id=\"b386212\" data-element_type=\"widget\" data-widget_type=\"divider.default\">\n\t\t\t\t<div class=\"elementor-widget-container\">\n\t\t\t\t\t\t\t<div class=\"elementor-divider\">\n\t\t\t<span class=\"elementor-divider-separator\">\n\t\t\t\t\t\t<\/span>\n\t\t<\/div>\n\t\t\t\t\t\t<\/div>\n\t\t\t\t<\/div>\n\t\t\t\t\t<\/div>\n\t\t<\/div>\n\t\t\t\t\t<\/div>\n\t\t<\/section>\n\t\t\t\t<section class=\"elementor-section elementor-top-section elementor-element elementor-element-3c06340 elementor-section-boxed elementor-section-height-default elementor-section-height-default\" data-id=\"3c06340\" data-element_type=\"section\">\n\t\t\t\t\t\t<div class=\"elementor-container elementor-column-gap-default\">\n\t\t\t\t\t<div class=\"elementor-column elementor-col-50 elementor-top-column elementor-element elementor-element-b40a5a6\" data-id=\"b40a5a6\" data-element_type=\"column\">\n\t\t\t<div class=\"elementor-widget-wrap elementor-element-populated\">\n\t\t\t\t\t\t<div class=\"elementor-element elementor-element-dfcf098 elementor-widget__width-initial elementor-widget-mobile__width-initial elementor-widget elementor-widget-image\" data-id=\"dfcf098\" data-element_type=\"widget\" data-widget_type=\"image.default\">\n\t\t\t\t<div class=\"elementor-widget-container\">\n\t\t\t\t\t\t\t\t\t\t\t\t\t\t\t<img decoding=\"async\" width=\"2048\" height=\"1300\" src=\"https:\/\/ensavid.com\/wp-content\/uploads\/2025\/04\/kf2.jpg\" class=\"attachment-full size-full wp-image-3692\" alt=\"\" srcset=\"https:\/\/ensavid.com\/wp-content\/uploads\/2025\/04\/kf2.jpg 2048w, https:\/\/ensavid.com\/wp-content\/uploads\/2025\/04\/kf2-300x190.jpg 300w, https:\/\/ensavid.com\/wp-content\/uploads\/2025\/04\/kf2-1024x650.jpg 1024w, https:\/\/ensavid.com\/wp-content\/uploads\/2025\/04\/kf2-768x488.jpg 768w, https:\/\/ensavid.com\/wp-content\/uploads\/2025\/04\/kf2-1536x975.jpg 1536w\" sizes=\"(max-width: 2048px) 100vw, 2048px\" \/>\t\t\t\t\t\t\t\t\t\t\t\t\t\t\t<\/div>\n\t\t\t\t<\/div>\n\t\t\t\t\t<\/div>\n\t\t<\/div>\n\t\t\t\t<div class=\"elementor-column elementor-col-50 elementor-top-column elementor-element elementor-element-db6ff87\" data-id=\"db6ff87\" data-element_type=\"column\">\n\t\t\t<div class=\"elementor-widget-wrap elementor-element-populated\">\n\t\t\t\t\t\t<div class=\"elementor-element elementor-element-c1f90ec elementor-widget elementor-widget-text-editor\" data-id=\"c1f90ec\" data-element_type=\"widget\" data-widget_type=\"text-editor.default\">\n\t\t\t\t<div class=\"elementor-widget-container\">\n\t\t\t\t\t\t\t\t\t<p class=\"MsoNormal\"><b>DYREKTOR DS. ROZWOJU BIZNESU<\/b><\/p><p class=\"MsoNormal\"><b>Kamil Fija\u0142kowski<\/b> &#8211; absolwent Uniwersytetu Kardyna\u0142a Stefana Wyszy\u0144skiego oraz Szko\u0142y G\u0142\u00f3wnej Handlowej w Warszawie na kierunku Mi\u0119dzynarodowe Stosunki Gospodarcze. Posiada tytu\u0142 Executive MBA, zrealizowa\u0142 tok studi\u00f3w doktoranckich na SGH.<\/p><p class=\"MsoNormal\">Menad\u017cer z wieloletnim do\u015bwiadczeniem zdobytym na kierowniczych stanowiskach w administracji pa\u0144stwowej oraz sp\u00f3\u0142kach oil&amp;gas w Polsce. Zaanga\u017cowany w projekty strategiczne takie jak: Baltic-Pipe, Program Rozbudowy Terminalu LNG w \u015awinouj\u015bciu, Program budowy Terminalu FSRU w Zatoce Gda\u0144skiej oraz Centralny Port Komunikacyjny.<\/p><p class=\"MsoNormal\">Ekspert Instytutu Sobieskiego oraz Centrum Strategii Rozwojowych w obszarach energetyka, finanse publiczne i polityka gospodarcza. Uzyska\u0142 certyfikaty metodyk zarz\u0105dzania typu Agile Project Management, TenStep Project Management Process oraz M_o_R Risk Management.<\/p>\t\t\t\t\t\t\t\t<\/div>\n\t\t\t\t<\/div>\n\t\t\t\t\t<\/div>\n\t\t<\/div>\n\t\t\t\t\t<\/div>\n\t\t<\/section>\n\t\t\t\t<section class=\"elementor-section elementor-top-section elementor-element elementor-element-3f4f5a2 elementor-section-boxed elementor-section-height-default elementor-section-height-default\" data-id=\"3f4f5a2\" data-element_type=\"section\">\n\t\t\t\t\t\t<div class=\"elementor-container elementor-column-gap-default\">\n\t\t\t\t\t<div class=\"elementor-column elementor-col-50 elementor-top-column elementor-element elementor-element-064ab31\" data-id=\"064ab31\" data-element_type=\"column\">\n\t\t\t<div class=\"elementor-widget-wrap\">\n\t\t\t\t\t\t\t<\/div>\n\t\t<\/div>\n\t\t\t\t<div class=\"elementor-column elementor-col-50 elementor-top-column elementor-element elementor-element-d7d96c3\" data-id=\"d7d96c3\" data-element_type=\"column\">\n\t\t\t<div class=\"elementor-widget-wrap elementor-element-populated\">\n\t\t\t\t\t\t<div class=\"elementor-element elementor-element-a9eace0 elementor-widget-divider--view-line elementor-widget elementor-widget-divider\" data-id=\"a9eace0\" data-element_type=\"widget\" data-widget_type=\"divider.default\">\n\t\t\t\t<div class=\"elementor-widget-container\">\n\t\t\t\t\t\t\t<div class=\"elementor-divider\">\n\t\t\t<span class=\"elementor-divider-separator\">\n\t\t\t\t\t\t<\/span>\n\t\t<\/div>\n\t\t\t\t\t\t<\/div>\n\t\t\t\t<\/div>\n\t\t\t\t\t<\/div>\n\t\t<\/div>\n\t\t\t\t\t<\/div>\n\t\t<\/section>\n\t\t\t\t<section class=\"elementor-section elementor-top-section elementor-element elementor-element-ce0380b elementor-section-boxed elementor-section-height-default elementor-section-height-default\" data-id=\"ce0380b\" data-element_type=\"section\">\n\t\t\t\t\t\t<div class=\"elementor-container elementor-column-gap-default\">\n\t\t\t\t\t<div class=\"elementor-column elementor-col-50 elementor-top-column elementor-element elementor-element-a92e1bf\" data-id=\"a92e1bf\" data-element_type=\"column\">\n\t\t\t<div class=\"elementor-widget-wrap elementor-element-populated\">\n\t\t\t\t\t\t<div class=\"elementor-element elementor-element-7ba96b2 elementor-widget elementor-widget-image\" data-id=\"7ba96b2\" data-element_type=\"widget\" data-widget_type=\"image.default\">\n\t\t\t\t<div class=\"elementor-widget-container\">\n\t\t\t\t\t\t\t\t\t\t\t\t\t\t\t<img decoding=\"async\" width=\"491\" height=\"367\" src=\"https:\/\/ensavid.com\/wp-content\/uploads\/2025\/04\/al1_resized_491x367.jpg\" class=\"attachment-medium_large size-medium_large wp-image-3842\" alt=\"\" srcset=\"https:\/\/ensavid.com\/wp-content\/uploads\/2025\/04\/al1_resized_491x367.jpg 491w, https:\/\/ensavid.com\/wp-content\/uploads\/2025\/04\/al1_resized_491x367-300x224.jpg 300w\" sizes=\"(max-width: 491px) 100vw, 491px\" \/>\t\t\t\t\t\t\t\t\t\t\t\t\t\t\t<\/div>\n\t\t\t\t<\/div>\n\t\t\t\t\t<\/div>\n\t\t<\/div>\n\t\t\t\t<div class=\"elementor-column elementor-col-50 elementor-top-column elementor-element elementor-element-f38fd78\" data-id=\"f38fd78\" data-element_type=\"column\">\n\t\t\t<div class=\"elementor-widget-wrap elementor-element-populated\">\n\t\t\t\t\t\t<div class=\"elementor-element elementor-element-5aa9504 elementor-widget elementor-widget-text-editor\" data-id=\"5aa9504\" data-element_type=\"widget\" data-widget_type=\"text-editor.default\">\n\t\t\t\t<div class=\"elementor-widget-container\">\n\t\t\t\t\t\t\t\t\t<p><strong>\u00a0<\/strong><\/p><p><strong>IN\u017bYNIER KONSTRUKTOR<\/strong><\/p><div dir=\"ltr\"><strong>Adrian \u0141acisz\u00a0<\/strong>&#8211; in\u017cynier konstruktor, absolwent Politechniki Wroc\u0142awskiej na kierunku Mechatronika. Posiada do\u015bwiadczenie jako konstruktor zdobyte w firmach in\u017cynieryjnych takich jak Comatec Group i HELKRA. W spos\u00f3b bieg\u0142y realizuje zadania dot. modelowania 3D i tworzenia rysunk\u00f3w 2D w programie Solidworks, pracowa\u0142 z systemami zarz\u0105dzania danymi produktowymi, zarz\u0105dza\u0142 Bilansem Materia\u0142owym oraz uczestniczy\u0142 w tworzeniu proces\u00f3w technologicznych.<\/div><div dir=\"ltr\">\u00a0<\/div>\t\t\t\t\t\t\t\t<\/div>\n\t\t\t\t<\/div>\n\t\t\t\t\t<\/div>\n\t\t<\/div>\n\t\t\t\t\t<\/div>\n\t\t<\/section>\n\t\t\t\t<section class=\"elementor-section elementor-top-section elementor-element elementor-element-d3c190e elementor-section-boxed elementor-section-height-default elementor-section-height-default\" data-id=\"d3c190e\" data-element_type=\"section\">\n\t\t\t\t\t\t<div class=\"elementor-container elementor-column-gap-default\">\n\t\t\t\t\t<div class=\"elementor-column elementor-col-50 elementor-top-column elementor-element elementor-element-54c697d\" data-id=\"54c697d\" data-element_type=\"column\">\n\t\t\t<div class=\"elementor-widget-wrap elementor-element-populated\">\n\t\t\t\t\t\t<div class=\"elementor-element elementor-element-dcfcb1e elementor-widget elementor-widget-text-editor\" data-id=\"dcfcb1e\" data-element_type=\"widget\" data-widget_type=\"text-editor.default\">\n\t\t\t\t<div class=\"elementor-widget-container\">\n\t\t\t\t\t\t\t\t\t<p><span style=\"font-size: 14.592px;\">Dane Ensavid:<\/span><br \/><span style=\"color: var(--ast-global-color-3); font-style: inherit; font-weight: inherit; background-color: var(--ast-global-color-4);\">NIP 5222290099<br \/><\/span><span style=\"color: var(--ast-global-color-3); font-style: inherit; font-weight: inherit; background-color: var(--ast-global-color-4);\">REGON 523272771<\/span><\/p>\t\t\t\t\t\t\t\t<\/div>\n\t\t\t\t<\/div>\n\t\t\t\t\t<\/div>\n\t\t<\/div>\n\t\t\t\t<div class=\"elementor-column elementor-col-50 elementor-top-column elementor-element elementor-element-6ff3098\" data-id=\"6ff3098\" data-element_type=\"column\">\n\t\t\t<div class=\"elementor-widget-wrap elementor-element-populated\">\n\t\t\t\t\t\t<div class=\"elementor-element elementor-element-f596c3f elementor-widget__width-auto elementor-widget-mobile__width-initial elementor-widget elementor-widget-heading\" data-id=\"f596c3f\" data-element_type=\"widget\" data-widget_type=\"heading.default\">\n\t\t\t\t<div class=\"elementor-widget-container\">\n\t\t\t\t\t<h6 class=\"elementor-heading-title elementor-size-default\">B\u0105d\u017a razem z nami<\/h6>\t\t\t\t<\/div>\n\t\t\t\t<\/div>\n\t\t\t\t<div class=\"elementor-element elementor-element-c95a1c1 elementor-shape-circle e-grid-align-left e-grid-align-mobile-center elementor-widget__width-initial elementor-widget-mobile__width-initial elementor-grid-0 elementor-widget elementor-widget-social-icons\" data-id=\"c95a1c1\" data-element_type=\"widget\" data-widget_type=\"social-icons.default\">\n\t\t\t\t<div class=\"elementor-widget-container\">\n\t\t\t\t\t\t\t<div class=\"elementor-social-icons-wrapper elementor-grid\">\n\t\t\t\t\t\t\t<span class=\"elementor-grid-item\">\n\t\t\t\t\t<a class=\"elementor-icon elementor-social-icon elementor-social-icon-youtube elementor-repeater-item-6812137\" href=\"https:\/\/www.youtube.com\/channel\/UCC66geaiVrweWn3lqQ1YKNA\" target=\"_blank\">\n\t\t\t\t\t\t<span class=\"elementor-screen-only\">Youtube<\/span>\n\t\t\t\t\t\t<i class=\"fab fa-youtube\"><\/i>\t\t\t\t\t<\/a>\n\t\t\t\t<\/span>\n\t\t\t\t\t\t\t<span class=\"elementor-grid-item\">\n\t\t\t\t\t<a class=\"elementor-icon elementor-social-icon elementor-social-icon-facebook elementor-repeater-item-80eda33\" href=\"https:\/\/www.facebook.com\/Ensavid\/\" target=\"_blank\">\n\t\t\t\t\t\t<span class=\"elementor-screen-only\">Facebook<\/span>\n\t\t\t\t\t\t<i class=\"fab fa-facebook\"><\/i>\t\t\t\t\t<\/a>\n\t\t\t\t<\/span>\n\t\t\t\t\t\t\t<span class=\"elementor-grid-item\">\n\t\t\t\t\t<a class=\"elementor-icon elementor-social-icon elementor-social-icon-linkedin elementor-repeater-item-1d46379\" href=\"https:\/\/www.linkedin.com\/company\/ensavid\/\" target=\"_blank\">\n\t\t\t\t\t\t<span class=\"elementor-screen-only\">Linkedin<\/span>\n\t\t\t\t\t\t<i class=\"fab fa-linkedin\"><\/i>\t\t\t\t\t<\/a>\n\t\t\t\t<\/span>\n\t\t\t\t\t<\/div>\n\t\t\t\t\t\t<\/div>\n\t\t\t\t<\/div>\n\t\t\t\t\t<\/div>\n\t\t<\/div>\n\t\t\t\t\t<\/div>\n\t\t<\/section>\n\t\t\t\t<\/div>\n\t\t","protected":false},"excerpt":{"rendered":"<p>O Nas ENSAVID&nbsp;to&nbsp;polska firma in\u017cynieryjna deep-tech, kt\u00f3ra rozwija projekty mechaniczne o wysokim potencjale komercjalizacji, uzyskuje na nie&nbsp;patenty&nbsp;i udziela wsparcia&nbsp;we&nbsp;wdro\u017ceniu. Nasze konstrukcje znajduj\u0105 zastosowanie w kluczowych sektorach&nbsp;przemys\u0142u i transportu.&nbsp;Projektujemy technologie dla m.in.&nbsp;silnik\u00f3w spalinowych, spr\u0119\u017carek i turbin, pojazd\u00f3w mechanicznych. W ramach pasji zespo\u0142u, opracowali\u015bmy tak\u017ce&nbsp;innowacyjne projekty rowerowe. Obejmuj\u0105 one nowatorski rower treningowy&nbsp;nap\u0119dzany mi\u0119\u015bniami g\u00f3rnej cz\u0119\u015bci cia\u0142a&nbsp;(SHAPE-ME BIKE) [&hellip;]<\/p>\n","protected":false},"author":1,"featured_media":0,"parent":0,"menu_order":0,"comment_status":"closed","ping_status":"closed","template":"","meta":{"site-sidebar-layout":"no-sidebar","site-content-layout":"page-builder","ast-site-content-layout":"full-width-container","site-content-style":"unboxed","site-sidebar-style":"unboxed","ast-global-header-display":"","ast-banner-title-visibility":"","ast-main-header-display":"","ast-hfb-above-header-display":"","ast-hfb-below-header-display":"","ast-hfb-mobile-header-display":"","site-post-title":"disabled","ast-breadcrumbs-content":"disabled","ast-featured-img":"disabled","footer-sml-layout":"","theme-transparent-header-meta":"enabled","adv-header-id-meta":"","stick-header-meta":"","header-above-stick-meta":"","header-main-stick-meta":"","header-below-stick-meta":"","astra-migrate-meta-layouts":"set","ast-page-background-enabled":"default","ast-page-background-meta":{"desktop":{"background-color":"","background-image":"","background-repeat":"repeat","background-position":"center center","background-size":"auto","background-attachment":"scroll","background-type":"","background-media":"","overlay-type":"","overlay-color":"","overlay-opacity":"","overlay-gradient":""},"tablet":{"background-color":"","background-image":"","background-repeat":"repeat","background-position":"center center","background-size":"auto","background-attachment":"scroll","background-type":"","background-media":"","overlay-type":"","overlay-color":"","overlay-opacity":"","overlay-gradient":""},"mobile":{"background-color":"","background-image":"","background-repeat":"repeat","background-position":"center center","background-size":"auto","background-attachment":"scroll","background-type":"","background-media":"","overlay-type":"","overlay-color":"","overlay-opacity":"","overlay-gradient":""}},"ast-content-background-meta":{"desktop":{"background-color":"var(--ast-global-color-5)","background-image":"","background-repeat":"repeat","background-position":"center center","background-size":"auto","background-attachment":"scroll","background-type":"","background-media":"","overlay-type":"","overlay-color":"","overlay-opacity":"","overlay-gradient":""},"tablet":{"background-color":"var(--ast-global-color-5)","background-image":"","background-repeat":"repeat","background-position":"center center","background-size":"auto","background-attachment":"scroll","background-type":"","background-media":"","overlay-type":"","overlay-color":"","overlay-opacity":"","overlay-gradient":""},"mobile":{"background-color":"var(--ast-global-color-5)","background-image":"","background-repeat":"repeat","background-position":"center center","background-size":"auto","background-attachment":"scroll","background-type":"","background-media":"","overlay-type":"","overlay-color":"","overlay-opacity":"","overlay-gradient":""}},"footnotes":""},"class_list":["post-2010","page","type-page","status-publish","hentry"],"_links":{"self":[{"href":"https:\/\/ensavid.com\/pl\/wp-json\/wp\/v2\/pages\/2010","targetHints":{"allow":["GET"]}}],"collection":[{"href":"https:\/\/ensavid.com\/pl\/wp-json\/wp\/v2\/pages"}],"about":[{"href":"https:\/\/ensavid.com\/pl\/wp-json\/wp\/v2\/types\/page"}],"author":[{"embeddable":true,"href":"https:\/\/ensavid.com\/pl\/wp-json\/wp\/v2\/users\/1"}],"replies":[{"embeddable":true,"href":"https:\/\/ensavid.com\/pl\/wp-json\/wp\/v2\/comments?post=2010"}],"version-history":[{"count":81,"href":"https:\/\/ensavid.com\/pl\/wp-json\/wp\/v2\/pages\/2010\/revisions"}],"predecessor-version":[{"id":4263,"href":"https:\/\/ensavid.com\/pl\/wp-json\/wp\/v2\/pages\/2010\/revisions\/4263"}],"wp:attachment":[{"href":"https:\/\/ensavid.com\/pl\/wp-json\/wp\/v2\/media?parent=2010"}],"curies":[{"name":"wp","href":"https:\/\/api.w.org\/{rel}","templated":true}]}}