{"id":3221,"date":"2023-06-01T15:08:02","date_gmt":"2023-06-01T13:08:02","guid":{"rendered":"https:\/\/ensavid.com\/?page_id=3221"},"modified":"2026-04-10T12:53:16","modified_gmt":"2026-04-10T10:53:16","slug":"rower-shape-me","status":"publish","type":"page","link":"https:\/\/ensavid.com\/pl\/rower-shape-me\/","title":{"rendered":"Rower shape-me"},"content":{"rendered":"\t\t<div data-elementor-type=\"wp-page\" data-elementor-id=\"3221\" class=\"elementor elementor-3221\">\n\t\t\t\t\t\t<section class=\"elementor-section elementor-top-section elementor-element elementor-element-79ef9ac elementor-section-boxed elementor-section-height-default elementor-section-height-default\" data-id=\"79ef9ac\" data-element_type=\"section\" data-settings=\"{&quot;background_background&quot;:&quot;classic&quot;}\">\n\t\t\t\t\t\t<div class=\"elementor-container elementor-column-gap-no\">\n\t\t\t\t\t<div class=\"elementor-column elementor-col-100 elementor-top-column elementor-element elementor-element-2258868\" data-id=\"2258868\" data-element_type=\"column\">\n\t\t\t<div class=\"elementor-widget-wrap elementor-element-populated\">\n\t\t\t\t\t\t<div class=\"elementor-element elementor-element-db45c10 elementor-widget elementor-widget-heading\" data-id=\"db45c10\" data-element_type=\"widget\" data-widget_type=\"heading.default\">\n\t\t\t\t<div class=\"elementor-widget-container\">\n\t\t\t\t\t<h1 class=\"elementor-heading-title elementor-size-default\"><a href=\"https:\/\/shapemebike.com\/\" target=\"_blank\">SHAPE-ME BIKE<\/a><\/h1>\t\t\t\t<\/div>\n\t\t\t\t<\/div>\n\t\t\t\t\t<\/div>\n\t\t<\/div>\n\t\t\t\t\t<\/div>\n\t\t<\/section>\n\t\t\t\t<section class=\"elementor-section elementor-top-section elementor-element elementor-element-cc65717 elementor-section-boxed elementor-section-height-default elementor-section-height-default\" data-id=\"cc65717\" data-element_type=\"section\">\n\t\t\t\t\t\t<div class=\"elementor-container elementor-column-gap-default\">\n\t\t\t\t\t<div class=\"elementor-column elementor-col-100 elementor-top-column elementor-element elementor-element-d98a42a\" data-id=\"d98a42a\" data-element_type=\"column\">\n\t\t\t<div class=\"elementor-widget-wrap elementor-element-populated\">\n\t\t\t\t\t\t<div class=\"elementor-element elementor-element-de847e4 elementor-widget elementor-widget-image\" data-id=\"de847e4\" data-element_type=\"widget\" data-widget_type=\"image.default\">\n\t\t\t\t<div class=\"elementor-widget-container\">\n\t\t\t\t\t\t\t\t\t\t\t\t\t\t\t<img fetchpriority=\"high\" decoding=\"async\" width=\"1000\" height=\"315\" src=\"https:\/\/ensavid.com\/wp-content\/uploads\/2025\/03\/shape-me_web_optimized.jpg\" class=\"attachment-large size-large wp-image-3570\" alt=\"\" srcset=\"https:\/\/ensavid.com\/wp-content\/uploads\/2025\/03\/shape-me_web_optimized.jpg 1000w, https:\/\/ensavid.com\/wp-content\/uploads\/2025\/03\/shape-me_web_optimized-300x95.jpg 300w, https:\/\/ensavid.com\/wp-content\/uploads\/2025\/03\/shape-me_web_optimized-768x242.jpg 768w\" sizes=\"(max-width: 1000px) 100vw, 1000px\" \/>\t\t\t\t\t\t\t\t\t\t\t\t\t\t\t<\/div>\n\t\t\t\t<\/div>\n\t\t\t\t\t<\/div>\n\t\t<\/div>\n\t\t\t\t\t<\/div>\n\t\t<\/section>\n\t\t\t\t<section class=\"elementor-section elementor-top-section elementor-element elementor-element-815a734 elementor-section-boxed elementor-section-height-default elementor-section-height-default\" data-id=\"815a734\" data-element_type=\"section\">\n\t\t\t\t\t\t<div class=\"elementor-container elementor-column-gap-default\">\n\t\t\t\t\t<div class=\"elementor-column elementor-col-100 elementor-top-column elementor-element elementor-element-be3c8d8\" data-id=\"be3c8d8\" data-element_type=\"column\">\n\t\t\t<div class=\"elementor-widget-wrap elementor-element-populated\">\n\t\t\t\t\t\t<div class=\"elementor-element elementor-element-4a49df6 elementor-widget elementor-widget-text-editor\" data-id=\"4a49df6\" data-element_type=\"widget\" data-widget_type=\"text-editor.default\">\n\t\t\t\t<div class=\"elementor-widget-container\">\n\t\t\t\t\t\t\t\t\t<p><span style=\"font-style: inherit; font-weight: inherit; background-color: var(--ast-global-color-4); color: var(--ast-global-color-3);\">\u00a0<\/span><\/p><p><span style=\"font-style: inherit; background-color: var(--ast-global-color-4); color: var(--ast-global-color-3);\"><b>Shape-Me Bike\u00a0<\/b><\/span><span style=\"font-style: inherit; font-weight: inherit; background-color: var(--ast-global-color-4); color: var(--ast-global-color-3);\">to <strong>innowacyjne urz\u0105dzenie treningowe<\/strong>, kt\u00f3re wprowadza zupe\u0142nie now\u0105 jako\u015b\u0107 w aktywno\u015bci fizycznej. Dzi\u0119ki <strong>unikalnemu mechanizmowi nap\u0119dowemu<\/strong>, u\u017cytkownik porusza si\u0119 przy wykorzystaniu mi\u0119\u015bni g\u00f3rnej po\u0142owy cia\u0142a \u2013 anga\u017cuj\u0105c <strong>ramiona, plecy, klatk\u0119 piersiow\u0105, brzuch, a tak\u017ce mi\u0119\u015bnie stabilizuj\u0105ce kr\u0119gos\u0142up<\/strong>.<\/span><\/p><p>To idealna propozycja dla os\u00f3b, kt\u00f3re chc\u0105 dba\u0107 o kondycj\u0119 fizyczn\u0105 i sylwetk\u0119, a jednocze\u015bnie czerpa\u0107 przyjemno\u015b\u0107 z jazdy na \u015bwie\u017cym powietrzu. <b>Shape-Me Bike<\/b>\u00a0nie tylko urozmaica ruch, ale te\u017c <b>uzupe\u0142nia braki klasycznych rower\u00f3w<\/b>, kt\u00f3re skupiaj\u0105 si\u0119 wy\u0142\u0105cznie na pracy n\u00f3g.<\/p><p><strong>Shape-Me Bike mo\u017cesz zam\u00f3wi\u0107 tutaj<\/strong>: <a href=\"https:\/\/ensavidbikes.com\/\"><span style=\"text-decoration: underline;\">ensavidbikes.com<\/span><\/a><\/p><hr \/><p><strong>Motywacja<\/strong><\/p><p>Wsp\u00f3\u0142czesny styl \u017cycia \u2013 siedz\u0105ca praca, nauka, brak aktywno\u015bci fizycznej \u2013 prowadzi do os\u0142abienia mi\u0119\u015bni, skr\u00f3cenia \u015bci\u0119gien oraz przeci\u0105\u017ce\u0144 w obr\u0119bie kr\u0119gos\u0142upa. Codzienne \u0107wiczenia s\u0105 wa\u017cne, jednak cz\u0119sto brakuje na nie czasu i motywacji.<\/p><p>Z tego powodu stworzyli\u015bmy <strong>Shape-Me Bike<\/strong>\u00a0\u2013 rower, kt\u00f3ry pozwala wykonywa\u0107 trening g\u00f3rnej po\u0142owy cia\u0142a podczas codziennych przeja\u017cd\u017cek. Anga\u017cuje on <strong>wszystkie grupy mi\u0119\u015bniowe, kt\u00f3re zwykle nie pracuj\u0105 podczas jazdy na klasycznym rowerze<\/strong>. W efekcie u\u017cytkownik <strong>poprawia wydolno\u015b\u0107 organizmu, wzmacnia mi\u0119\u015bnie i wspiera zdrowie kr\u0119gos\u0142upa<\/strong> \u2013 bez potrzeby wizyty na si\u0142owni.<\/p><hr \/><p><strong>Prototyp i rozw\u00f3j konstrukcji<\/strong><\/p><p><strong>Shape-Me Bike<\/strong>\u00a0zosta\u0142 wyposa\u017cony w <strong>wahad\u0142owy dr\u0105\u017cek nap\u0119dowy<\/strong>, kt\u00f3ry u\u017cytkownik porusza udami, korzystaj\u0105c ze specjalnych podp\u00f3r na nogi. Zar\u00f3wno ruch do przodu, jak i do ty\u0142u wprawia rower w ruch. Przek\u0142adnia <strong>przekszta\u0142ca ten ruch liniowy na obrotowy<\/strong>, nap\u0119dzaj\u0105cy tylne ko\u0142o.<\/p><p>\u2705 Ruch do przodu aktywuje m.in. <strong>bicepsy, mi\u0119\u015bnie grzbietu i po\u015bladki<\/strong><br \/>\u2705 Ruch do ty\u0142u anga\u017cuje <strong>tricepsy, mi\u0119\u015bnie klatki piersiowej i brzucha<\/strong><\/p><p>Konstrukcja <strong>pozbawiona jest tradycyjnego siode\u0142ka<\/strong> \u2013 jego miejsce zajmuje dr\u0105\u017cek z rolkami opartymi z przodu i z ty\u0142u ud rowerzysty. Mechanizm nap\u0119dowy opiera si\u0119 na typowych komponentach rowerowych, takich jak z\u0119batki, wolnobiegi czy \u0142a\u0144cuchy, co czyni go <strong>\u0142atwym w produkcji i serwisie<\/strong>.<\/p><p>Dotychczas powsta\u0142o kilka wersji prototyp\u00f3w. Aktualna, finalna wersja zosta\u0142a zoptymalizowana pod wzgl\u0119dem ergonomii, trwa\u0142o\u015bci oraz efektywno\u015bci nap\u0119du i jest gotowa do wdro\u017cenia w produkcji.<\/p><p><b>Prototyp<\/b><\/p>\t\t\t\t\t\t\t\t<\/div>\n\t\t\t\t<\/div>\n\t\t\t\t\t<\/div>\n\t\t<\/div>\n\t\t\t\t\t<\/div>\n\t\t<\/section>\n\t\t\t\t<section class=\"elementor-section elementor-top-section elementor-element elementor-element-077bd25 elementor-section-boxed elementor-section-height-default elementor-section-height-default\" data-id=\"077bd25\" data-element_type=\"section\">\n\t\t\t\t\t\t<div class=\"elementor-container elementor-column-gap-default\">\n\t\t\t\t\t<div class=\"elementor-column elementor-col-100 elementor-top-column elementor-element elementor-element-5ab8547\" data-id=\"5ab8547\" data-element_type=\"column\">\n\t\t\t<div class=\"elementor-widget-wrap elementor-element-populated\">\n\t\t\t\t\t\t<div class=\"elementor-element elementor-element-44bdc4f elementor-widget elementor-widget-video\" data-id=\"44bdc4f\" data-element_type=\"widget\" data-settings=\"{&quot;youtube_url&quot;:&quot;https:\\\/\\\/www.youtube.com\\\/watch?v=L9EcI2QaMV4&quot;,&quot;video_type&quot;:&quot;youtube&quot;,&quot;controls&quot;:&quot;yes&quot;}\" data-widget_type=\"video.default\">\n\t\t\t\t<div class=\"elementor-widget-container\">\n\t\t\t\t\t\t\t<div class=\"elementor-wrapper elementor-open-inline\">\n\t\t\t<div class=\"elementor-video\"><\/div>\t\t<\/div>\n\t\t\t\t\t\t<\/div>\n\t\t\t\t<\/div>\n\t\t\t\t<div class=\"elementor-element elementor-element-92fb476 elementor-widget elementor-widget-text-editor\" data-id=\"92fb476\" data-element_type=\"widget\" data-widget_type=\"text-editor.default\">\n\t\t\t\t<div class=\"elementor-widget-container\">\n\t\t\t\t\t\t\t\t\t<hr \/><p style=\"font-size: 16px; font-style: normal;\"><span style=\"font-weight: bold;\">Status formalny i pate<\/span><b>nty<\/b><\/p><p style=\"font-size: 16px; font-style: normal;\"><b>\u201eShape-Me Bike\u201d <\/b>zosta\u0142 zg\u0142oszony do<b> ochrony patentowej:<\/b><\/p><p style=\"font-size: 16px; font-style: normal;\">\ud83d\udcdc<b> Wniosek uzyska\u0142 pozytywn\u0105 ocen\u0119 Urz\u0119du Patentowego RP oraz International Searching Authority (procedura PCT)<br \/>\ud83d\udcdc Patenty krajowe oraz mi\u0119dzynarodowe \u2013 2026<\/b><\/p>\t\t\t\t\t\t\t\t<\/div>\n\t\t\t\t<\/div>\n\t\t\t\t\t<\/div>\n\t\t<\/div>\n\t\t\t\t\t<\/div>\n\t\t<\/section>\n\t\t\t\t<\/div>\n\t\t","protected":false},"excerpt":{"rendered":"<p>SHAPE-ME BIKE \u00a0 Shape-Me Bike\u00a0to innowacyjne urz\u0105dzenie treningowe, kt\u00f3re wprowadza zupe\u0142nie now\u0105 jako\u015b\u0107 w aktywno\u015bci fizycznej. Dzi\u0119ki unikalnemu mechanizmowi nap\u0119dowemu, u\u017cytkownik porusza si\u0119 przy wykorzystaniu mi\u0119\u015bni g\u00f3rnej po\u0142owy cia\u0142a \u2013 anga\u017cuj\u0105c ramiona, plecy, klatk\u0119 piersiow\u0105, brzuch, a tak\u017ce mi\u0119\u015bnie stabilizuj\u0105ce kr\u0119gos\u0142up. To idealna propozycja dla os\u00f3b, kt\u00f3re chc\u0105 dba\u0107 o kondycj\u0119 fizyczn\u0105 i sylwetk\u0119, a [&hellip;]<\/p>\n","protected":false},"author":1,"featured_media":0,"parent":0,"menu_order":0,"comment_status":"closed","ping_status":"closed","template":"","meta":{"site-sidebar-layout":"no-sidebar","site-content-layout":"page-builder","ast-site-content-layout":"full-width-container","site-content-style":"unboxed","site-sidebar-style":"unboxed","ast-global-header-display":"","ast-banner-title-visibility":"","ast-main-header-display":"","ast-hfb-above-header-display":"","ast-hfb-below-header-display":"","ast-hfb-mobile-header-display":"","site-post-title":"disabled","ast-breadcrumbs-content":"disabled","ast-featured-img":"disabled","footer-sml-layout":"","theme-transparent-header-meta":"enabled","adv-header-id-meta":"","stick-header-meta":"","header-above-stick-meta":"","header-main-stick-meta":"","header-below-stick-meta":"","astra-migrate-meta-layouts":"set","ast-page-background-enabled":"default","ast-page-background-meta":{"desktop":{"background-color":"","background-image":"","background-repeat":"repeat","background-position":"center center","background-size":"auto","background-attachment":"scroll","background-type":"","background-media":"","overlay-type":"","overlay-color":"","overlay-opacity":"","overlay-gradient":""},"tablet":{"background-color":"","background-image":"","background-repeat":"repeat","background-position":"center center","background-size":"auto","background-attachment":"scroll","background-type":"","background-media":"","overlay-type":"","overlay-color":"","overlay-opacity":"","overlay-gradient":""},"mobile":{"background-color":"","background-image":"","background-repeat":"repeat","background-position":"center center","background-size":"auto","background-attachment":"scroll","background-type":"","background-media":"","overlay-type":"","overlay-color":"","overlay-opacity":"","overlay-gradient":""}},"ast-content-background-meta":{"desktop":{"background-color":"var(--ast-global-color-5)","background-image":"","background-repeat":"repeat","background-position":"center center","background-size":"auto","background-attachment":"scroll","background-type":"","background-media":"","overlay-type":"","overlay-color":"","overlay-opacity":"","overlay-gradient":""},"tablet":{"background-color":"var(--ast-global-color-5)","background-image":"","background-repeat":"repeat","background-position":"center center","background-size":"auto","background-attachment":"scroll","background-type":"","background-media":"","overlay-type":"","overlay-color":"","overlay-opacity":"","overlay-gradient":""},"mobile":{"background-color":"var(--ast-global-color-5)","background-image":"","background-repeat":"repeat","background-position":"center center","background-size":"auto","background-attachment":"scroll","background-type":"","background-media":"","overlay-type":"","overlay-color":"","overlay-opacity":"","overlay-gradient":""}},"footnotes":""},"class_list":["post-3221","page","type-page","status-publish","hentry"],"_links":{"self":[{"href":"https:\/\/ensavid.com\/pl\/wp-json\/wp\/v2\/pages\/3221","targetHints":{"allow":["GET"]}}],"collection":[{"href":"https:\/\/ensavid.com\/pl\/wp-json\/wp\/v2\/pages"}],"about":[{"href":"https:\/\/ensavid.com\/pl\/wp-json\/wp\/v2\/types\/page"}],"author":[{"embeddable":true,"href":"https:\/\/ensavid.com\/pl\/wp-json\/wp\/v2\/users\/1"}],"replies":[{"embeddable":true,"href":"https:\/\/ensavid.com\/pl\/wp-json\/wp\/v2\/comments?post=3221"}],"version-history":[{"count":81,"href":"https:\/\/ensavid.com\/pl\/wp-json\/wp\/v2\/pages\/3221\/revisions"}],"predecessor-version":[{"id":4544,"href":"https:\/\/ensavid.com\/pl\/wp-json\/wp\/v2\/pages\/3221\/revisions\/4544"}],"wp:attachment":[{"href":"https:\/\/ensavid.com\/pl\/wp-json\/wp\/v2\/media?parent=3221"}],"curies":[{"name":"wp","href":"https:\/\/api.w.org\/{rel}","templated":true}]}}