{"id":4290,"date":"2025-11-17T11:04:39","date_gmt":"2025-11-17T09:04:39","guid":{"rendered":"https:\/\/ensavid.com\/?page_id=4290"},"modified":"2025-11-17T14:14:19","modified_gmt":"2025-11-17T12:14:19","slug":"pstpg","status":"publish","type":"page","link":"https:\/\/ensavid.com\/pl\/pstpg\/","title":{"rendered":"Pasywny System Transportu dla Pojazd\u00f3w G\u0105sienicowych"},"content":{"rendered":"\t\t<div data-elementor-type=\"wp-page\" data-elementor-id=\"4290\" class=\"elementor elementor-4290\">\n\t\t\t\t\t\t<section class=\"elementor-section elementor-top-section elementor-element elementor-element-9bc29c4 elementor-section-stretched elementor-section-boxed elementor-section-height-default elementor-section-height-default\" data-id=\"9bc29c4\" data-element_type=\"section\" data-settings=\"{&quot;background_background&quot;:&quot;classic&quot;,&quot;stretch_section&quot;:&quot;section-stretched&quot;}\">\n\t\t\t\t\t\t<div class=\"elementor-container elementor-column-gap-no\">\n\t\t\t\t\t<div class=\"elementor-column elementor-col-100 elementor-top-column elementor-element elementor-element-ca35567\" data-id=\"ca35567\" data-element_type=\"column\">\n\t\t\t<div class=\"elementor-widget-wrap elementor-element-populated\">\n\t\t\t\t\t\t<div class=\"elementor-element elementor-element-2210691 elementor-widget__width-initial elementor-widget elementor-widget-heading\" data-id=\"2210691\" data-element_type=\"widget\" data-widget_type=\"heading.default\">\n\t\t\t\t<div class=\"elementor-widget-container\">\n\t\t\t\t\t<h1 class=\"elementor-heading-title elementor-size-default\">Pasywny System Transportu dla Pojazd\u00f3w G\u0105sienicowych<\/h1>\t\t\t\t<\/div>\n\t\t\t\t<\/div>\n\t\t\t\t\t<\/div>\n\t\t<\/div>\n\t\t\t\t\t<\/div>\n\t\t<\/section>\n\t\t\t\t<section class=\"elementor-section elementor-top-section elementor-element elementor-element-0077a1b elementor-section-boxed elementor-section-height-default elementor-section-height-default\" data-id=\"0077a1b\" data-element_type=\"section\">\n\t\t\t\t\t\t<div class=\"elementor-container elementor-column-gap-default\">\n\t\t\t\t\t<div class=\"elementor-column elementor-col-100 elementor-top-column elementor-element elementor-element-ede89d0\" data-id=\"ede89d0\" data-element_type=\"column\">\n\t\t\t<div class=\"elementor-widget-wrap elementor-element-populated\">\n\t\t\t\t\t\t<div class=\"elementor-element elementor-element-8141dbd elementor-widget elementor-widget-video\" data-id=\"8141dbd\" data-element_type=\"widget\" data-settings=\"{&quot;youtube_url&quot;:&quot;https:\\\/\\\/www.youtube.com\\\/watch?v=7BFXKn6WiZs&quot;,&quot;video_type&quot;:&quot;youtube&quot;,&quot;controls&quot;:&quot;yes&quot;}\" data-widget_type=\"video.default\">\n\t\t\t\t<div class=\"elementor-widget-container\">\n\t\t\t\t\t\t\t<div class=\"elementor-wrapper elementor-open-inline\">\n\t\t\t<div class=\"elementor-video\"><\/div>\t\t<\/div>\n\t\t\t\t\t\t<\/div>\n\t\t\t\t<\/div>\n\t\t\t\t\t<\/div>\n\t\t<\/div>\n\t\t\t\t\t<\/div>\n\t\t<\/section>\n\t\t\t\t<section class=\"elementor-section elementor-top-section elementor-element elementor-element-2cbbbe1 elementor-section-boxed elementor-section-height-default elementor-section-height-default\" data-id=\"2cbbbe1\" data-element_type=\"section\">\n\t\t\t\t\t\t<div class=\"elementor-container elementor-column-gap-default\">\n\t\t\t\t\t<div class=\"elementor-column elementor-col-100 elementor-top-column elementor-element elementor-element-36761d0\" data-id=\"36761d0\" data-element_type=\"column\">\n\t\t\t<div class=\"elementor-widget-wrap elementor-element-populated\">\n\t\t\t\t\t\t<div class=\"elementor-element elementor-element-87c5efc elementor-widget elementor-widget-text-editor\" data-id=\"87c5efc\" data-element_type=\"widget\" data-widget_type=\"text-editor.default\">\n\t\t\t\t<div class=\"elementor-widget-container\">\n\t\t\t\t\t\t\t\t\t<p data-start=\"421\" data-end=\"869\"><strong data-start=\"421\" data-end=\"430\">PSTPG<\/strong> to innowacyjny system transportowy, kt\u00f3ry pozwala <strong>pojazdom g\u0105sienicowym przemieszcza\u0107 si\u0119 przy u\u017cyciu trakcji ko\u0142owej, wykorzystuj\u0105c ich w\u0142asny nap\u0119d<\/strong>. Dzi\u0119ki specjalnej platformie jezdnej oraz pasywnemu sprz\u0119\u017ceniu z ko\u0142ami nap\u0119dowymi pojazdu, mo\u017cliwe jest <strong>szybkie i efektywne przemieszczanie ci\u0119\u017ckiego sprz\u0119tu w terenie zurbanizowanym, na d\u0142ugich dystansach oraz w obszarach bez dost\u0119pu do infrastruktury kolejowej czy ci\u0119\u017carowej<\/strong>.<\/p><p data-start=\"871\" data-end=\"1050\">System opiera si\u0119 wy\u0142\u0105cznie na komponentach mechanicznych \u2013 <strong>bez dodatkowej elektroniki i zasilania<\/strong> \u2013 co gwarantuje najwy\u017csz\u0105 niezawodno\u015b\u0107 w warunkach wojskowych i przemys\u0142owych.<\/p><hr data-start=\"1052\" data-end=\"1055\" \/><p><strong data-start=\"1060\" data-end=\"1092\">Najwa\u017cniejsze korzy\u015bci PSTPG<\/strong><br \/>\u2705 Trzykrotne zwi\u0119kszenie \u017cywotno\u015bci uk\u0142adu nap\u0119dowego pojazd\u00f3w g\u0105sienicowych<br \/>Przeniesienie jazdy na trakcj\u0119 ko\u0142ow\u0105 znacz\u0105co zmniejsza obci\u0105\u017cenie silnika i uk\u0142adu jezdnego \u2014 szczeg\u00f3lnie przy ruchu na twardych nawierzchniach.<\/p><p><strong data-start=\"1333\" data-end=\"1385\">\u2705 Eliminacja zu\u017cycia g\u0105sienic podczas transportu<\/strong><br \/>G\u0105sienice nie bior\u0105 udzia\u0142u w nap\u0119dzaniu pojazdu, co radykalnie redukuje koszty eksploatacyjne.<\/p><p><strong data-start=\"1489\" data-end=\"1535\">\u2705 Odblokowanie logistyki ci\u0119\u017ckiego sprz\u0119tu<\/strong><br \/>PSTPG zmniejsza zale\u017cno\u015b\u0107 od ci\u0119\u017car\u00f3wek, naczep i zewn\u0119trznych \u015brodk\u00f3w transportu. Sprz\u0119t g\u0105sienicowy mo\u017ce by\u0107 relokowany na du\u017c\u0105 skal\u0119 i w wielu kierunkach r\u00f3wnocze\u015bnie.<\/p><p><strong data-start=\"1714\" data-end=\"1765\">\u2705 Wysoka mobilno\u015b\u0107 w manewrach wojsk pancernych<\/strong><br \/>Zwi\u0119kszenie pr\u0119dko\u015bci przemieszczenia platformy (prze\u0142o\u017cenie \u00d71.5) umo\u017cliwia wielokrotne przyspieszenie manewr\u00f3w.<\/p><p><strong data-start=\"1887\" data-end=\"1933\">\u2705 Pe\u0142na kontrola z poziomu pulpitu pojazdu<\/strong><br \/>Platforma skr\u0119ca i porusza si\u0119 zgodnie z ruchami k\u00f3\u0142 nap\u0119dowych pojazdu \u2014 tak jak klasyczne podwozie ko\u0142owe.<\/p><p><strong data-start=\"2050\" data-end=\"2096\">\u2705 Niezawodno\u015b\u0107 dzi\u0119ki technologii pasywnej<\/strong><br \/>Brak elektroniki, brak przewod\u00f3w, brak dodatkowych silnik\u00f3w \u2014 tylko uk\u0142ady mechaniczne oparte na dyferencja\u0142ach, pompach i \u0142a\u0144cuchach.<\/p><p data-start=\"4500\" data-end=\"4791\">\u00a0<\/p>\t\t\t\t\t\t\t\t<\/div>\n\t\t\t\t<\/div>\n\t\t\t\t\t<\/div>\n\t\t<\/div>\n\t\t\t\t\t<\/div>\n\t\t<\/section>\n\t\t\t\t<section class=\"elementor-section elementor-top-section elementor-element elementor-element-9c22bba elementor-section-boxed elementor-section-height-default elementor-section-height-default\" data-id=\"9c22bba\" data-element_type=\"section\">\n\t\t\t\t\t\t<div class=\"elementor-container elementor-column-gap-default\">\n\t\t\t\t\t<div class=\"elementor-column elementor-col-50 elementor-top-column elementor-element elementor-element-8d32658\" data-id=\"8d32658\" data-element_type=\"column\">\n\t\t\t<div class=\"elementor-widget-wrap elementor-element-populated\">\n\t\t\t\t\t\t<div class=\"elementor-element elementor-element-803508c elementor-widget elementor-widget-image\" data-id=\"803508c\" data-element_type=\"widget\" data-widget_type=\"image.default\">\n\t\t\t\t<div class=\"elementor-widget-container\">\n\t\t\t\t\t\t\t\t\t\t\t\t\t\t\t<img fetchpriority=\"high\" decoding=\"async\" width=\"890\" height=\"530\" src=\"https:\/\/ensavid.com\/wp-content\/uploads\/2025\/11\/D1.jpg\" class=\"attachment-large size-large wp-image-4284\" alt=\"\" srcset=\"https:\/\/ensavid.com\/wp-content\/uploads\/2025\/11\/D1.jpg 890w, https:\/\/ensavid.com\/wp-content\/uploads\/2025\/11\/D1-300x179.jpg 300w, https:\/\/ensavid.com\/wp-content\/uploads\/2025\/11\/D1-768x457.jpg 768w\" sizes=\"(max-width: 890px) 100vw, 890px\" \/>\t\t\t\t\t\t\t\t\t\t\t\t\t\t\t<\/div>\n\t\t\t\t<\/div>\n\t\t\t\t\t<\/div>\n\t\t<\/div>\n\t\t\t\t<div class=\"elementor-column elementor-col-50 elementor-top-column elementor-element elementor-element-c8c2fad\" data-id=\"c8c2fad\" data-element_type=\"column\">\n\t\t\t<div class=\"elementor-widget-wrap elementor-element-populated\">\n\t\t\t\t\t\t<div class=\"elementor-element elementor-element-1a95f4a elementor-widget elementor-widget-image\" data-id=\"1a95f4a\" data-element_type=\"widget\" data-widget_type=\"image.default\">\n\t\t\t\t<div class=\"elementor-widget-container\">\n\t\t\t\t\t\t\t\t\t\t\t\t\t\t\t<img decoding=\"async\" width=\"918\" height=\"533\" src=\"https:\/\/ensavid.com\/wp-content\/uploads\/2025\/11\/D3.jpg\" class=\"attachment-large size-large wp-image-4298\" alt=\"\" srcset=\"https:\/\/ensavid.com\/wp-content\/uploads\/2025\/11\/D3.jpg 918w, https:\/\/ensavid.com\/wp-content\/uploads\/2025\/11\/D3-300x174.jpg 300w, https:\/\/ensavid.com\/wp-content\/uploads\/2025\/11\/D3-768x446.jpg 768w\" sizes=\"(max-width: 918px) 100vw, 918px\" \/>\t\t\t\t\t\t\t\t\t\t\t\t\t\t\t<\/div>\n\t\t\t\t<\/div>\n\t\t\t\t\t<\/div>\n\t\t<\/div>\n\t\t\t\t\t<\/div>\n\t\t<\/section>\n\t\t\t\t<section class=\"elementor-section elementor-top-section elementor-element elementor-element-d59de98 elementor-section-boxed elementor-section-height-default elementor-section-height-default\" data-id=\"d59de98\" data-element_type=\"section\">\n\t\t\t\t\t\t<div class=\"elementor-container elementor-column-gap-default\">\n\t\t\t\t\t<div class=\"elementor-column elementor-col-100 elementor-top-column elementor-element elementor-element-be097e9\" data-id=\"be097e9\" data-element_type=\"column\">\n\t\t\t<div class=\"elementor-widget-wrap elementor-element-populated\">\n\t\t\t\t\t\t<div class=\"elementor-element elementor-element-5c708e7 elementor-widget elementor-widget-text-editor\" data-id=\"5c708e7\" data-element_type=\"widget\" data-widget_type=\"text-editor.default\">\n\t\t\t\t<div class=\"elementor-widget-container\">\n\t\t\t\t\t\t\t\t\t<hr data-start=\"1052\" data-end=\"1055\" \/><p><strong>Dane techniczne PSTPG<\/strong><\/p><p><strong>Masa w\u0142asna:<\/strong> 15 ton<br \/><strong>Dopuszczalna masa pojazdu:<\/strong> do 70 ton<br \/><strong>Liczba osi:<\/strong> 8 (z czego 6 skr\u0119tnych i\/lub nap\u0119dzanych \u2014 konfiguracja zale\u017cna od wariantu)<br \/><strong>Minimalny promie\u0144 skr\u0119tu:<\/strong> 11,5 m<br \/><strong>Prze\u0142o\u017cenie pr\u0119dko\u015bci:<\/strong> \u00d71.5 w stosunku do pr\u0119dko\u015bci pojazdu na g\u0105sienicach<br \/><strong>Sprz\u0119g nap\u0119du:<\/strong> 4 \u0142a\u0144cuchy przenosz\u0105ce moment z k\u00f3\u0142 nap\u0119dowych<br \/><strong>Kompatybilno\u015b\u0107:<\/strong> ka\u017cdy typ pojazdu g\u0105sienicowego<\/p><hr data-start=\"1052\" data-end=\"1055\" \/><p><strong>Dlaczego PSTPG jest technologi\u0105 prze\u0142omow\u0105?<\/strong><\/p><ul><li><strong> Obejmuje opatentowany uk\u0142ad skr\u0119tu i nap\u0119du pasywnego<\/strong><\/li><li><strong> Redukuje koszty logistyczne armii oraz przemys\u0142u<\/strong><\/li><li><strong> Zwi\u0119ksza elastyczno\u015b\u0107 strategiczn\u0105<\/strong><\/li><li><strong> Zapewnia efekt odstraszania technologicznego<\/strong><\/li><li><strong> Mo\u017cliwe zastosowania dual-use<\/strong><\/li><\/ul><hr data-start=\"1052\" data-end=\"1055\" \/><p><strong>Status formalny i patenty<\/strong><\/p><p>\ud83d\udcdc <strong>PSTPG zosta\u0142 zg\u0142oszony do ochrony patentowej w Urz\u0119dzie Patentowym RP w 2025 roku (wniosek P.452578)<\/strong><\/p>\t\t\t\t\t\t\t\t<\/div>\n\t\t\t\t<\/div>\n\t\t\t\t\t<\/div>\n\t\t<\/div>\n\t\t\t\t\t<\/div>\n\t\t<\/section>\n\t\t\t\t<\/div>\n\t\t","protected":false},"excerpt":{"rendered":"<p>Pasywny System Transportu dla Pojazd\u00f3w G\u0105sienicowych https:\/\/www.youtube.com\/watch?v=7BFXKn6WiZs PSTPG to innowacyjny system transportowy, kt\u00f3ry pozwala pojazdom g\u0105sienicowym przemieszcza\u0107 si\u0119 przy u\u017cyciu trakcji ko\u0142owej, wykorzystuj\u0105c ich w\u0142asny nap\u0119d. Dzi\u0119ki specjalnej platformie jezdnej oraz pasywnemu sprz\u0119\u017ceniu z ko\u0142ami nap\u0119dowymi pojazdu, mo\u017cliwe jest szybkie i efektywne przemieszczanie ci\u0119\u017ckiego sprz\u0119tu w terenie zurbanizowanym, na d\u0142ugich dystansach oraz w obszarach bez [&hellip;]<\/p>\n","protected":false},"author":4,"featured_media":0,"parent":0,"menu_order":0,"comment_status":"closed","ping_status":"closed","template":"","meta":{"site-sidebar-layout":"no-sidebar","site-content-layout":"page-builder","ast-site-content-layout":"full-width-container","site-content-style":"unboxed","site-sidebar-style":"unboxed","ast-global-header-display":"","ast-banner-title-visibility":"","ast-main-header-display":"","ast-hfb-above-header-display":"","ast-hfb-below-header-display":"","ast-hfb-mobile-header-display":"","site-post-title":"disabled","ast-breadcrumbs-content":"disabled","ast-featured-img":"disabled","footer-sml-layout":"","theme-transparent-header-meta":"enabled","adv-header-id-meta":"","stick-header-meta":"","header-above-stick-meta":"","header-main-stick-meta":"","header-below-stick-meta":"","astra-migrate-meta-layouts":"set","ast-page-background-enabled":"default","ast-page-background-meta":{"desktop":{"background-color":"","background-image":"","background-repeat":"repeat","background-position":"center center","background-size":"auto","background-attachment":"scroll","background-type":"","background-media":"","overlay-type":"","overlay-color":"","overlay-opacity":"","overlay-gradient":""},"tablet":{"background-color":"","background-image":"","background-repeat":"repeat","background-position":"center center","background-size":"auto","background-attachment":"scroll","background-type":"","background-media":"","overlay-type":"","overlay-color":"","overlay-opacity":"","overlay-gradient":""},"mobile":{"background-color":"","background-image":"","background-repeat":"repeat","background-position":"center center","background-size":"auto","background-attachment":"scroll","background-type":"","background-media":"","overlay-type":"","overlay-color":"","overlay-opacity":"","overlay-gradient":""}},"ast-content-background-meta":{"desktop":{"background-color":"var(--ast-global-color-5)","background-image":"","background-repeat":"repeat","background-position":"center center","background-size":"auto","background-attachment":"scroll","background-type":"","background-media":"","overlay-type":"","overlay-color":"","overlay-opacity":"","overlay-gradient":""},"tablet":{"background-color":"var(--ast-global-color-5)","background-image":"","background-repeat":"repeat","background-position":"center center","background-size":"auto","background-attachment":"scroll","background-type":"","background-media":"","overlay-type":"","overlay-color":"","overlay-opacity":"","overlay-gradient":""},"mobile":{"background-color":"var(--ast-global-color-5)","background-image":"","background-repeat":"repeat","background-position":"center center","background-size":"auto","background-attachment":"scroll","background-type":"","background-media":"","overlay-type":"","overlay-color":"","overlay-opacity":"","overlay-gradient":""}},"footnotes":""},"class_list":["post-4290","page","type-page","status-publish","hentry"],"_links":{"self":[{"href":"https:\/\/ensavid.com\/pl\/wp-json\/wp\/v2\/pages\/4290","targetHints":{"allow":["GET"]}}],"collection":[{"href":"https:\/\/ensavid.com\/pl\/wp-json\/wp\/v2\/pages"}],"about":[{"href":"https:\/\/ensavid.com\/pl\/wp-json\/wp\/v2\/types\/page"}],"author":[{"embeddable":true,"href":"https:\/\/ensavid.com\/pl\/wp-json\/wp\/v2\/users\/4"}],"replies":[{"embeddable":true,"href":"https:\/\/ensavid.com\/pl\/wp-json\/wp\/v2\/comments?post=4290"}],"version-history":[{"count":24,"href":"https:\/\/ensavid.com\/pl\/wp-json\/wp\/v2\/pages\/4290\/revisions"}],"predecessor-version":[{"id":4386,"href":"https:\/\/ensavid.com\/pl\/wp-json\/wp\/v2\/pages\/4290\/revisions\/4386"}],"wp:attachment":[{"href":"https:\/\/ensavid.com\/pl\/wp-json\/wp\/v2\/media?parent=4290"}],"curies":[{"name":"wp","href":"https:\/\/api.w.org\/{rel}","templated":true}]}}